{"id":23,"date":"2019-02-26T13:17:13","date_gmt":"2019-02-26T13:17:13","guid":{"rendered":"https:\/\/terminologiframjandet.se\/wp\/?page_id=23"},"modified":"2024-06-13T16:18:22","modified_gmt":"2024-06-13T14:18:22","slug":"alldeles-snart","status":"publish","type":"page","link":"https:\/\/terminologiframjandet.se\/h552a9FtZ\/","title":{"rendered":"Terminologifr\u00e4mjandet"},"content":{"rendered":"\n<h3 class=\"wp-block-heading\"><\/h3>\n\n\n\n<h3 class=\"wp-block-heading\">V\u00e5r bakgrund<\/h3>\n\n\n\n<p>I december 2018 upph\u00f6rde Terminologicentrum TNC:s verksamhet.&nbsp;Samma m\u00e5nad bildades en ideell f\u00f6rening f\u00f6r terminologi och fackspr\u00e5k: <strong>Terminologifr\u00e4mjandet<\/strong>. Denna webbplats \u00e4r t\u00e4nkt att sprida information om terminologi och terminologer i allm\u00e4nhet och om f\u00f6reningens verksamhet i synnerhet.<\/p>\n\n\n\n<h3 class=\"wp-block-heading\">Syfte och inriktning<\/h3>\n\n\n\n<p>Terminologifr\u00e4mjandet ska enligt stadgarna \u201dverka f\u00f6r en effektiv fackspr\u00e5klig kommunikation i det svenska samh\u00e4llet\u201d. Det inneb\u00e4r framf\u00f6r allt att f\u00f6reningen \u00e4r t\u00e4nkt att bli en samlingspunkt f\u00f6r fr\u00e5gor som har med fackspr\u00e5k och terminologi att g\u00f6ra och s\u00e4rskilt lyfta fram terminologens yrkesroll. Och agera inspirat\u00f6r och kanske arrang\u00f6r och debatt\u00f6r emellan\u00e5t!<\/p>\n\n\n\n<p>Terminologifr\u00e4mjandet v\u00e4nder sig till alla som har ett genuint intresse f\u00f6r fackspr\u00e5k och terminologi, t.ex. yrkesverksamma terminologer, fack\u00f6vers\u00e4ttare, spr\u00e5kkonsulter, teknikinformat\u00f6rer, verksamhetsarkitekter och informatiker. <a href=\"https:\/\/terminologiframjandet.se\/h552a9FtZ\/bli-medlem\/\">L\u00e4s mer om hur du blir medlem.<\/a><\/p>\n","protected":false},"excerpt":{"rendered":"<p>V\u00e5r bakgrund I december 2018 upph\u00f6rde Terminologicentrum TNC:s verksamhet.&nbsp;Samma m\u00e5nad bildades en ideell f\u00f6rening f\u00f6r terminologi och fackspr\u00e5k: Terminologifr\u00e4mjandet. Denna webbplats \u00e4r t\u00e4nkt att sprida information om terminologi och terminologer&hellip;<\/p>\n","protected":false},"author":1,"featured_media":0,"parent":0,"menu_order":0,"comment_status":"closed","ping_status":"closed","template":"page-templates\/homepage-widgets-page.php","meta":{"footnotes":""},"_links":{"self":[{"href":"https:\/\/terminologiframjandet.se\/h552a9FtZ\/wp-json\/wp\/v2\/pages\/23"}],"collection":[{"href":"https:\/\/terminologiframjandet.se\/h552a9FtZ\/wp-json\/wp\/v2\/pages"}],"about":[{"href":"https:\/\/terminologiframjandet.se\/h552a9FtZ\/wp-json\/wp\/v2\/types\/page"}],"author":[{"embeddable":true,"href":"https:\/\/terminologiframjandet.se\/h552a9FtZ\/wp-json\/wp\/v2\/users\/1"}],"replies":[{"embeddable":true,"href":"https:\/\/terminologiframjandet.se\/h552a9FtZ\/wp-json\/wp\/v2\/comments?post=23"}],"version-history":[{"count":31,"href":"https:\/\/terminologiframjandet.se\/h552a9FtZ\/wp-json\/wp\/v2\/pages\/23\/revisions"}],"predecessor-version":[{"id":8399,"href":"https:\/\/terminologiframjandet.se\/h552a9FtZ\/wp-json\/wp\/v2\/pages\/23\/revisions\/8399"}],"wp:attachment":[{"href":"https:\/\/terminologiframjandet.se\/h552a9FtZ\/wp-json\/wp\/v2\/media?parent=23"}],"curies":[{"name":"wp","href":"https:\/\/api.w.org\/{rel}","templated":true}]}}