{"id":261,"date":"2019-03-30T02:00:57","date_gmt":"2019-03-30T02:00:57","guid":{"rendered":"https:\/\/terminologiframjandet.se\/h552a9FtZ\/?page_id=261"},"modified":"2023-10-15T00:20:30","modified_gmt":"2023-10-14T22:20:30","slug":"bli-medlem","status":"publish","type":"page","link":"https:\/\/terminologiframjandet.se\/h552a9FtZ\/bli-medlem\/","title":{"rendered":"Bli (och f\u00f6rbli) medlem"},"content":{"rendered":"\n<p>Terminologifr\u00e4mjandet v\u00e4nder sig till alla som har ett genuint intresse f\u00f6r fackspr\u00e5k och terminologi, t.ex. yrkesverksamma terminologer, fack\u00f6vers\u00e4ttare, spr\u00e5kkonsulter, teknikinformat\u00f6rer, verksamhetsarkitekter och informatiker.<\/p>\n\n\n\n<h3 class=\"wp-block-heading\">Bli medlem<\/h3>\n\n\n\n<p>Du kan bli medlem i Terminologifr\u00e4mjandet genom att skicka en ans\u00f6kan om medlemskap via v\u00e5rt <a href=\"https:\/\/terminologiframjandet.se\/h552a9FtZ\/medlemsansokan\/\" data-type=\"page\" data-id=\"6907\">ans\u00f6kningsformul\u00e4r<\/a>. N\u00e4r du f\u00e5tt bekr\u00e4ftelse kan du betala medlemsavgiften, 200 kr.<\/p>\n\n\n\n<h3 class=\"wp-block-heading\">F\u00f6rbli medlem \u2013 medlemsavgiften<\/h3>\n\n\n\n<p>Om du redan \u00e4r medlem vill vi att du betalar medlemsavgiften 200 kr senast i mars varje \u00e5r. Swish- respektive bankgironummer finns p\u00e5 sidan med <a href=\"https:\/\/terminologiframjandet.se\/h552a9FtZ\/kontaktvagar\/\">kontaktv\u00e4gar<\/a>.<\/p>\n","protected":false},"excerpt":{"rendered":"<p>Terminologifr\u00e4mjandet v\u00e4nder sig till alla som har ett genuint intresse f\u00f6r fackspr\u00e5k och terminologi, t.ex. yrkesverksamma terminologer, fack\u00f6vers\u00e4ttare, spr\u00e5kkonsulter, teknikinformat\u00f6rer, verksamhetsarkitekter och informatiker. Bli medlem Du kan bli medlem i&hellip;<\/p>\n","protected":false},"author":1,"featured_media":0,"parent":0,"menu_order":0,"comment_status":"closed","ping_status":"closed","template":"","meta":{"footnotes":""},"_links":{"self":[{"href":"https:\/\/terminologiframjandet.se\/h552a9FtZ\/wp-json\/wp\/v2\/pages\/261"}],"collection":[{"href":"https:\/\/terminologiframjandet.se\/h552a9FtZ\/wp-json\/wp\/v2\/pages"}],"about":[{"href":"https:\/\/terminologiframjandet.se\/h552a9FtZ\/wp-json\/wp\/v2\/types\/page"}],"author":[{"embeddable":true,"href":"https:\/\/terminologiframjandet.se\/h552a9FtZ\/wp-json\/wp\/v2\/users\/1"}],"replies":[{"embeddable":true,"href":"https:\/\/terminologiframjandet.se\/h552a9FtZ\/wp-json\/wp\/v2\/comments?post=261"}],"version-history":[{"count":12,"href":"https:\/\/terminologiframjandet.se\/h552a9FtZ\/wp-json\/wp\/v2\/pages\/261\/revisions"}],"predecessor-version":[{"id":8078,"href":"https:\/\/terminologiframjandet.se\/h552a9FtZ\/wp-json\/wp\/v2\/pages\/261\/revisions\/8078"}],"wp:attachment":[{"href":"https:\/\/terminologiframjandet.se\/h552a9FtZ\/wp-json\/wp\/v2\/media?parent=261"}],"curies":[{"name":"wp","href":"https:\/\/api.w.org\/{rel}","templated":true}]}}