{"id":286,"date":"2019-08-27T22:26:13","date_gmt":"2019-08-27T21:26:13","guid":{"rendered":"https:\/\/terminologiframjandet.se\/h552a9FtZ\/?page_id=286"},"modified":"2024-06-13T16:05:53","modified_gmt":"2024-06-13T14:05:53","slug":"las-mer-om-terminologi","status":"publish","type":"page","link":"https:\/\/terminologiframjandet.se\/h552a9FtZ\/om-terminologi\/las-mer-om-terminologi\/","title":{"rendered":"L\u00e4s mer (om terminologi)"},"content":{"rendered":"\n<p>H\u00e4r redovisar vi n\u00e5gra k\u00e4llor till f\u00f6rdjupning i terminologi\u00e4mnet.<\/p>\n\n\n\n<p><em><a href=\"https:\/\/terminologiframjandet.se\/h552a9FtZ\/terminologiguiden\/\" target=\"_blank\" rel=\"noreferrer noopener\">Terminologiguiden<\/a>. En introduktion till terminologiarbete i teori och praktik<\/em> inneh\u00e5ller all grundl\u00e4ggande information om de moment som beh\u00f6vs f\u00f6r att framg\u00e5ngsrikt bedriva terminologiarbete, bl.a. begreppsanalys, definitionsskrivning och termval. Dessutom finns en lathund som sammanfattar stegen i ett terminologiprojekt samt en kort ordlista med de centrala svenska termerna p\u00e5 terminologiomr\u00e5det med motsvarigheter p\u00e5 engelska och finska. Terminologiguiden \u00e4r en \u00f6vers\u00e4ttning av Guide to Terminology som ursprungligen skrevs av Heidi Suonuuti, tidigare chef vid Terminologicentralen i Finland (TSK) och tidigare ordf\u00f6rande i ISOs tekniska kommitt\u00e9 ISO\/TC 37. Hon baserade guiden p\u00e5 ISO-standarderna 704, 860 och 10241. Den svenska versionen har sammanst\u00e4llts av TNC och bearbetats n\u00e5got f\u00f6r att passa en bredare publik. Paolo Sangregorio har formgivit boken och Jan Stenmark har skapat omslagsbilden.<\/p>\n\n\n\n<p><em>Terminologiguiden<\/em> finns i andra spr\u00e5kversioner: <a href=\"https:\/\/rafhladan.is\/bitstream\/handle\/10802\/7608\/Lei%C3%B0beiningar%20um%20%C3%AD%C3%B0or%C3%B0astarf.pdf?sequence=1\" target=\"_blank\" rel=\"noreferrer noopener\">isl\u00e4ndska<\/a>, <a href=\"https:\/\/www.sprakradet.no\/globalassets\/vi-og-vart\/publikasjoner\/termlosen.pdf\" target=\"_blank\" rel=\"noreferrer noopener\">norska<\/a><\/p>\n\n\n\n<p>P\u00e5 Nordterms webbplats finns <a href=\"http:\/\/www.nordterm.net\/wiki\/sv\/index.php\/Publikationer\" target=\"_blank\" rel=\"noreferrer noopener\">Information om andra Nordtermpublikationer<\/a>.<\/p>\n\n\n\n<p><em>Terminologins terminologi<\/em> \u00e4r ett annat n\u00f6dv\u00e4ndigt redskap f\u00f6r effektivt arbete med terminologi och fackspr\u00e5k. Den utarbetades av Nordterm och finns i tre versoner: <\/p>\n\n\n\n<ul>\n<li><a href=\"https:\/\/terminologiframjandet.se\/h552a9FtZ\/wp-content\/uploads\/2020\/02\/Terminologins_terminologi_enbart_ordlistan.pdf\" target=\"_blank\" rel=\"noreferrer noopener\">enbart termer och definitioner<\/a>,<\/li>\n\n\n\n<li><a href=\"https:\/\/terminologiframjandet.se\/h552a9FtZ\/wp-content\/uploads\/2020\/02\/Terminologins_terminologi_enbart_begreppsdiagrammen.pdf\" target=\"_blank\" rel=\"noreferrer noopener\">enbart begreppsdiagram<\/a> och<\/li>\n\n\n\n<li><a href=\"https:\/\/terminologiframjandet.se\/h552a9FtZ\/wp-content\/uploads\/2020\/02\/Terminologins_terminologi.pdf\" target=\"_blank\" rel=\"noreferrer noopener\">en sammanslagen version<\/a><\/li>\n<\/ul>\n\n\n\n<p><em><a href=\"https:\/\/urn.fi\/URN:NBN:fi-fe2024061250675\" target=\"_blank\" rel=\"noreferrer noopener\">Ordning och reda<\/a><\/em>, skriven av de finska terminologerna Anita Nuopponen och Nina Pilke, \u00e4r en blandning av l\u00e4robok, handbok och antologi. (Boken \u00e4r slut hos f\u00f6rlaget, men finns i en elektronisk version via Osuva.)<\/p>\n\n\n\n<p><em><a href=\"https:\/\/terminologiframjandet.se\/h552a9FtZ\/wp-content\/uploads\/2020\/02\/Metoder-och-principer-i-terminologiarbetet.pdf\" target=\"_blank\" rel=\"noreferrer noopener\">Metoder och principer i terminologiarbetet<\/a><br><\/em>Inom en och samma verksamhet kan olika personer anv\u00e4nda samma term men mena olika saker utan att de sj\u00e4lva alltid \u00e4r medvetna om detta. Detta kan leda till allvarliga missf\u00f6rst\u00e5nd, s\u00e4rskilt d\u00e5 kommunikationen sker via datorer. F\u00f6r att f\u00e5 fram en entydig och effektiv kommunikation och minska risken f\u00f6r missf\u00f6rst\u00e5nd \u00e4r det viktigt att inventera verksamhetens centrala begrepp och komma \u00f6verens om deras inneb\u00f6rd. En bepr\u00f6vad metod att \u00e5stadkomma detta p\u00e5 \u00e4r genom terminologiarbete. Den h\u00e4r rapporten ger en kort introduktion i terminologiarbetets metoder och principer, och inneh\u00e5llet bygger p\u00e5 de erfarenheter som Terminologicentrum TNC samlade p\u00e5 sig under m\u00e5nga \u00e5r av arbete med fackspr\u00e5k och terminologi.<\/p>\n\n\n\n<p><em><a href=\"https:\/\/terminologiframjandet.se\/h552a9FtZ\/wp-content\/uploads\/2020\/02\/Fikonsprak.pdf\" target=\"_blank\" rel=\"noreferrer noopener\">Fackspr\u00e5k eller fikonspr\u00e5k? Om naturvetares spr\u00e5k<\/a><\/em><br>Termer h\u00f6r till de viktigaste verktygen i arbetet som naturvetare, oavsett om man \u00e4r biolog, datavetare, fysiker, geovetare, kemist, matematiker eller milj\u00f6vetare. En entydig terminologi \u00e4r en f\u00f6ruts\u00e4ttning f\u00f6r att man ska kunna uttrycka sig tydligt om komplicerade samband i text och tal. Men vad skiljer egentligen en term fr\u00e5n ett vanligt ord? Och hur kan man som naturvetare f\u00f6rsvara sitt spr\u00e5k n\u00e4r andra kallar det fikonspr\u00e5k? Vad g\u00f6r man \u00e5t alla engelska termer? Och \u00e4r vissa termer b\u00e4ttre \u00e4n andra? Det och mer d\u00e4rtill ges det svar p\u00e5 i\u00a0<it><em>Fackspr\u00e5k eller fikonspr\u00e5k?<\/em><\/it>. Detta studieh\u00e4fte vill v\u00e4cka den spr\u00e5kliga nyfikenheten och \u00f6ka den terminologiska medvetenheten. Terminologisk medvetenhet inneb\u00e4r kortfattat att ha insikter om terminologins existens och plats i samh\u00e4llet, att f\u00f6rst\u00e5 terminologins roll f\u00f6r kommunikation och att ha respekt f\u00f6r ett etablerat fackspr\u00e5k och dess termer. H\u00e4ftet ger ocks\u00e5 ett smakprov p\u00e5 terminologiska tankeg\u00e5ngar och arbetsmetoder.\u00a0<it><em>Fackspr\u00e5k eller fikonspr\u00e5k?<\/em><\/it> utarbetades av Terminologicentrum TNC utifr\u00e5n ett studentprojekt av M\u00e4rta Ohlson och Maria Lenngren p\u00e5 kursen Vetenskapskommunikation, Stockholms universitet, 2002. H\u00e4ftet finansierades av Stiftelsen Marcus och Amalia Wallenbergs minnesfond.<\/p>\n\n\n\n<p><em><a href=\"https:\/\/www.sis.se\/produkter\/terminologi-och-dokumentation\/terminologi\/ssiso7042011\/\" target=\"_blank\" rel=\"noreferrer noopener\">SS-ISO 704<\/a><\/em>, utarbetad av ISOs terminologikommitt\u00e9 ISO\/TC 37, \u00e4r metodstandarden f\u00f6r terminologiarbete. Den inneh\u00e5ller bl.a. teori och metodik f\u00f6r begreppsanalys, begreppssystem, definitionsskrivning och termval, och kommer ut i svensk version via SIS\/TK 115 senare.<\/p>\n\n\n\n<p><a href=\"https:\/\/www.univaasa.fi\/sv\/sites\/vakki\/publications\/tanktatermer\/\" target=\"_blank\" rel=\"noreferrer noopener\"><em>T\u00e4nkta termer : Terminologih\u00e4nsyn i nordiskt perspektiv<\/em><\/a>. 2016.<\/p>\n\n\n\n<p><a href=\"http:\/\/cotsoes.info\/sites\/default\/files\/public_files\/COTSOES_Recommendations_for_Terminology_Work.pdf\" data-type=\"URL\" data-id=\"http:\/\/cotsoes.info\/sites\/default\/files\/public_files\/COTSOES_Recommendations_for_Terminology_Work.pdf\" target=\"_blank\" rel=\"noreferrer noopener\">COTSOES: Recommendations for Terminology Work<\/a>. 2002.<\/p>\n\n\n\n<p><a href=\"https:\/\/www.diva-portal.org\/smash\/get\/diva2:1816692\/FULLTEXT02.pdf\" data-type=\"link\" data-id=\"https:\/\/www.diva-portal.org\/smash\/get\/diva2:1816692\/FULLTEXT02.pdf\" target=\"_blank\" rel=\"noreferrer noopener\"><em>Termer i bruk? Forskning om fackspr\u00e5k och terminologi i m\u00f6ten mellan experter och icke-experter<\/em><\/a>. 2024 (Rapporter fr\u00e5n Spr\u00e5kr\u00e5det 21)<\/p>\n\n\n\n<p><em><a href=\"https:\/\/www.diva-portal.org\/smash\/get\/diva2:1718953\/FULLTEXT01.pdf\" data-type=\"link\" data-id=\"https:\/\/www.diva-portal.org\/smash\/get\/diva2:1718953\/FULLTEXT01.pdf\" target=\"_blank\" rel=\"noreferrer noopener\">Att g\u00f6ra termer begripliga. P\u00e5 hur m\u00e5nga s\u00e4tt kan man f\u00f6rst\u00e5 observation?<\/a><\/em> (artikel i \"Spr\u00e5kr\u00e5det rekommenderar. Perspektiv, metoder och avv\u00e4gningar i spr\u00e5kriktighetsfr\u00e5gor\", red. Maria Bylin &amp; Bj\u00f6rn Melander, 2023).<\/p>\n","protected":false},"excerpt":{"rendered":"<p>H\u00e4r redovisar vi n\u00e5gra k\u00e4llor till f\u00f6rdjupning i terminologi\u00e4mnet. Terminologiguiden. En introduktion till terminologiarbete i teori och praktik inneh\u00e5ller all grundl\u00e4ggande information om de moment som beh\u00f6vs f\u00f6r att framg\u00e5ngsrikt&hellip;<\/p>\n","protected":false},"author":1,"featured_media":0,"parent":7470,"menu_order":0,"comment_status":"closed","ping_status":"closed","template":"","meta":{"footnotes":""},"_links":{"self":[{"href":"https:\/\/terminologiframjandet.se\/h552a9FtZ\/wp-json\/wp\/v2\/pages\/286"}],"collection":[{"href":"https:\/\/terminologiframjandet.se\/h552a9FtZ\/wp-json\/wp\/v2\/pages"}],"about":[{"href":"https:\/\/terminologiframjandet.se\/h552a9FtZ\/wp-json\/wp\/v2\/types\/page"}],"author":[{"embeddable":true,"href":"https:\/\/terminologiframjandet.se\/h552a9FtZ\/wp-json\/wp\/v2\/users\/1"}],"replies":[{"embeddable":true,"href":"https:\/\/terminologiframjandet.se\/h552a9FtZ\/wp-json\/wp\/v2\/comments?post=286"}],"version-history":[{"count":16,"href":"https:\/\/terminologiframjandet.se\/h552a9FtZ\/wp-json\/wp\/v2\/pages\/286\/revisions"}],"predecessor-version":[{"id":8382,"href":"https:\/\/terminologiframjandet.se\/h552a9FtZ\/wp-json\/wp\/v2\/pages\/286\/revisions\/8382"}],"up":[{"embeddable":true,"href":"https:\/\/terminologiframjandet.se\/h552a9FtZ\/wp-json\/wp\/v2\/pages\/7470"}],"wp:attachment":[{"href":"https:\/\/terminologiframjandet.se\/h552a9FtZ\/wp-json\/wp\/v2\/media?parent=286"}],"curies":[{"name":"wp","href":"https:\/\/api.w.org\/{rel}","templated":true}]}}