{"id":49,"date":"2019-03-01T23:49:47","date_gmt":"2019-03-01T23:49:47","guid":{"rendered":"https:\/\/terminologiframjandet.se\/h552a9FtZ\/?page_id=49"},"modified":"2023-01-04T13:34:05","modified_gmt":"2023-01-04T12:34:05","slug":"vad-ar-terminologi","status":"publish","type":"page","link":"https:\/\/terminologiframjandet.se\/h552a9FtZ\/om-terminologi\/vad-ar-terminologi\/","title":{"rendered":"Terminologi och fackspr\u00e5k i korthet"},"content":{"rendered":"\n<p><strong>Terminologi betyder tv\u00e5 saker. Det st\u00e5r \u00e5 ena sidan f\u00f6r en samling ord och uttryck som ing\u00e5r i ett fackomr\u00e5de \u2013 det som vi menar med till exempel \u201dmedicinsk terminologi\u201d. Det st\u00e5r \u00e5 andra sidan f\u00f6r l\u00e4ran om hur dessa ord och uttryck bildas, struktureras, utvecklas, anv\u00e4nds och beskrivs \u2013 det som vi terminologer kallar f\u00f6r terminologil\u00e4ran.<\/strong><\/p>\n\n\n\n<h3 class=\"wp-block-heading\">Terminologil\u00e4ran<\/h3>\n\n\n\n<p><strong>Allt arbete med fackspr\u00e5k b\u00f6r utg\u00e5 fr\u00e5n terminologil\u00e4ran. Terminologil\u00e4ran \u00e4r den vetenskap som ligger till grund f\u00f6r hur vi unders\u00f6ker spr\u00e5kfr\u00e5gor inom fackspr\u00e5ket.<\/strong><\/p>\n\n\n\n<p>Arbete utifr\u00e5n terminologil\u00e4ran inneb\u00e4r att samla, analysera, beskriva och presentera ett fackomr\u00e5des begrepp och deras ben\u00e4mningar. H\u00e4r beskriver vi de centrala delarna i terminologil\u00e4ran: begreppsanalys, begrepp, definition och term.<\/p>\n\n\n\n<blockquote class=\"wp-block-quote is-layout-flow wp-block-quote-is-layout-flow\">\n<p><strong>terminologil\u00e4ra<\/strong> l\u00e4ra om struktur, bildning, utveckling, anv\u00e4ndning och hantering av begrepp och terminologier inom olika fackomr\u00e5den<\/p>\n<\/blockquote>\n\n\n\n<blockquote class=\"wp-block-quote is-layout-flow wp-block-quote-is-layout-flow\">\n<p><strong>begreppsanalys<\/strong><br>del av terminologi\u00adarbete som best\u00e5r i att reda ut och beskriva ett fack\u00adomr\u00e5des begrepp och relationerna mellan dessa<\/p>\n<\/blockquote>\n\n\n\n<h3 class=\"wp-block-heading\">Begreppsanalys \u00e4r grunden f\u00f6r arbete med terminologi och fackspr\u00e5k<\/h3>\n\n\n\n<p><strong>Begreppsanalys<\/strong>&nbsp;\u00e4r det viktigaste verktyget i terminologiarbete. Med begreppsanalysen identifierar vi&nbsp;det v\u00e4sentligaste i varje begrepp genom att reda ut dess f\u00f6rh\u00e5llande till n\u00e4rliggande begrepp. Fokus ligger p\u00e5 de olika begrepp inom ett visst fackomr\u00e5de som m\u00e4nniskor anv\u00e4nder. Syftet \u00e4r att f\u00e5 till st\u00e5nd en gemensam spr\u00e5klig syn hos dessa m\u00e4nniskor. Varje begreppsanalys kr\u00e4ver d\u00e4rf\u00f6r medverkan och inflytande fr\u00e5n personer inom det ber\u00f6rda fackomr\u00e5det.<\/p>\n\n\n\n<p>Den teori som ligger till grund f\u00f6r terminologil\u00e4ran och begreppsanalysen brukar vi visa med hj\u00e4lp av den s\u00e5 kallade begreppstetraedern.<\/p>\n\n\n\n<h3 class=\"wp-block-heading\">Begreppstetraedern visar relationen mellan verklighet, tanke och spr\u00e5k<\/h3>\n\n\n\n<p>I begreppstetraedern finns terminologil\u00e4rans fyra begrepp: referent, begrepp, definition och term. De fyra begreppen representerar tre v\u00e4rldar: den verkliga, den kognitiva och den spr\u00e5kliga. Tetraedern visar ocks\u00e5 att begreppet \u00e4r det centrala inom terminologil\u00e4ran.<\/p>\n\n\n\n<figure class=\"wp-block-image\"><img loading=\"lazy\" decoding=\"async\" width=\"800\" height=\"600\" src=\"https:\/\/terminologiframjandet.se\/h552a9FtZ\/wp-content\/uploads\/2019\/03\/Terminologilaran_tetraeder_bordaux_800px_ny.png\" alt=\"\" class=\"wp-image-244\" srcset=\"https:\/\/terminologiframjandet.se\/h552a9FtZ\/wp-content\/uploads\/2019\/03\/Terminologilaran_tetraeder_bordaux_800px_ny.png 800w, https:\/\/terminologiframjandet.se\/h552a9FtZ\/wp-content\/uploads\/2019\/03\/Terminologilaran_tetraeder_bordaux_800px_ny-300x225.png 300w, https:\/\/terminologiframjandet.se\/h552a9FtZ\/wp-content\/uploads\/2019\/03\/Terminologilaran_tetraeder_bordaux_800px_ny-768x576.png 768w\" sizes=\"(max-width: 800px) 100vw, 800px\" \/><\/figure>\n\n\n\n<p><strong>I den verkliga v\u00e4rlden<\/strong>&nbsp;finns referenter, f\u00f6reteelser i verkligheten, abstrakta och konkreta.<\/p>\n\n\n\n<p><strong>I den kognitiva v\u00e4rlden<\/strong>&nbsp;finns begrepp, tankeenheter, som utg\u00f6rs av abstraktioner av referenterna i den verkliga v\u00e4rlden.<\/p>\n\n\n\n<p><strong>I den spr\u00e5kliga v\u00e4rlden<\/strong>&nbsp;finns dels de termer som vi anv\u00e4nder n\u00e4r vi kommunicerar om begreppen inom ett fackomr\u00e5de, dels definitioner som beskriver begreppen.<\/p>\n\n\n\n<p>F\u00f6r terminologen \u00e4r begreppstetraedern utg\u00e5ngspunkten i allt terminologiskt arbete. N\u00e4r hen anlitas f\u00f6r att reda ut ett spr\u00e5kligt eller kommunikativt problem \u00e4r det viktigt att fastst\u00e4lla i vilken av tetraederns h\u00f6rn problemet ligger \u2013 eller i vilken av v\u00e4rldarna vi befinner oss.<\/p>\n\n\n\n<blockquote class=\"wp-block-quote is-layout-flow wp-block-quote-is-layout-flow\">\n<p><strong>begreppsanalys<\/strong><br>del av terminologi\u00adarbete som best\u00e5r i att reda ut och beskriva ett fack\u00adomr\u00e5des begrepp och relationerna mellan dessa<\/p>\n<\/blockquote>\n\n\n\n<blockquote class=\"wp-block-quote is-layout-flow wp-block-quote-is-layout-flow\">\n<p><strong>referent<\/strong><br>entitet som kan p\u00e5visas eller upp\u00adfattas eller som man kan f\u00f6rest\u00e4lla sig och som ett begrepp kan knytas till<\/p>\n<\/blockquote>\n\n\n\n<blockquote class=\"wp-block-quote is-layout-flow wp-block-quote-is-layout-flow\">\n<p><strong>begrepp<\/strong><br>kunskapsenhet som skapats genom en unik kombination av k\u00e4nnetecken<\/p>\n<\/blockquote>\n\n\n\n<h3 class=\"wp-block-heading\">Referenter \u00e4r f\u00f6reteelser i verkligheten<\/h3>\n\n\n\n<p><strong>Referenter<\/strong>&nbsp;\u00e4r unika f\u00f6reteelser i verkligheten: bj\u00f6rken utanf\u00f6r ditt f\u00f6nster \u00e4r en referent, bj\u00f6rken p\u00e5 dina morf\u00f6r\u00e4ldrars g\u00e5rd p\u00e5 landet \u00e4r en annan referent. Varje unik referent har sina egenskaper: bj\u00f6rken utanf\u00f6r ditt f\u00f6nster \u00e4r ung och sp\u00e4d, medan den hos dina morf\u00f6r\u00e4ldrar \u00e4r gammal och \u00e4rrad av ett blixtnedslag. Egenskaper som de tv\u00e5 bj\u00f6rkarna har gemensamt \u00e4r bland annat den svartfl\u00e4ckiga vita stammen och de flikiga l\u00f6ven. Referenter kan ocks\u00e5 vara abstrakta, till exempel demokrati, koordinat och stabilitet.<\/p>\n\n\n\n<h3 class=\"wp-block-heading\" id=\"begrepp\">Begrepp finns i m\u00e4nniskans tankev\u00e4rld<\/h3>\n\n\n\n<p>N\u00e4r vi t\u00e4nker p\u00e5 till exempel bj\u00f6rkar skapar vi en kunskapsenhet, en kognitiv representation av bj\u00f6rkar i v\u00e5rt medvetande. Representationen utg\u00f6rs av en rad k\u00e4nnetecken som du h\u00e4mtat fr\u00e5n egenskaperna hos de individuella referenter du haft kontakt med. Den kognitiva representationen, allts\u00e5&nbsp;<strong>begreppet<\/strong>&nbsp;i ditt medvetande, g\u00f6r att du n\u00e4r du tar en promenad i skogen kan identifiera alla bj\u00f6rkar du ser som just bj\u00f6rkar, trots att du inte sett de individuella bj\u00f6rkarna tidigare. Och du kan mycket v\u00e4l k\u00e4nna till ett begrepp utan att k\u00e4nna till dess spr\u00e5kliga uttryck. Visste du till exempel att v\u00e4xter som har gr\u00f6na blad eller barr som sitter kvar hela \u00e5ret kallas&nbsp;<em>st\u00e4dsegr\u00f6na?<\/em><\/p>\n\n\n\n<p>Det finns tv\u00e5 sorters begrepp, <strong>individualbegrepp<\/strong> och <strong>allm\u00e4nbegrepp.<\/strong> Skillnaden mellan de tv\u00e5 \u00e4r att individualbegrepp avser en unik referent medan allm\u00e4nbegrepp avser en grupp av likartade referenter.&nbsp;<em>Tr\u00e4d<\/em>&nbsp;\u00e4r ett exempel p\u00e5 ett allm\u00e4nbegrepp, och Kvilleken, som kan vara Nordens \u00e4ldsta tr\u00e4d, \u00e4r ett exempel p\u00e5 ett individualbegrepp. Individualbegrepp betecknas med namn och allm\u00e4nbegrepp betecknas med en term.<\/p>\n\n\n\n<blockquote class=\"wp-block-quote is-layout-flow wp-block-quote-is-layout-flow\">\n<p><strong>k\u00e4nnetecken<\/strong><br>abstraktion av en egenskap hos en viss referent eller hos en grupp av referenter<\/p>\n<\/blockquote>\n\n\n\n<h3 class=\"wp-block-heading\">Begrepp byggs upp av k\u00e4nnetecken<\/h3>\n\n\n\n<p>N\u00e4r vi l\u00e4r oss spr\u00e5k l\u00e4r vi oss att grupper av referenter, till exempel bj\u00f6rkar, har n\u00e5got gemensamt. Vi l\u00e4r oss ocks\u00e5 att det finns en gr\u00e4ns mot andra grupper av referenter: mellan bj\u00f6rkar och ekar, mellan tr\u00e4d och buskar etc. Utifr\u00e5n de unika egenskaper som varje tr\u00e4d har, bygger vi upp begreppet tr\u00e4d i v\u00e5rt medvetande med hj\u00e4lp av s\u00e5 kallade&nbsp;<strong>k\u00e4nnetecken<\/strong>.<\/p>\n\n\n\n<p>Begreppet tr\u00e4d kan du bland annat anv\u00e4nda f\u00f6r att identifiera framtida v\u00e4xter som du st\u00f6ter p\u00e5 som just tr\u00e4d och inte buskar eller lianer. Du vet till exempel att b\u00e5de tr\u00e4d och buskar \u00e4r v\u00e4xter, men att tr\u00e4d \u00e4r h\u00f6gre \u00e4n buskar och brukar ha en stam och grenar som bildar en krona. En del tr\u00e4d har l\u00f6v, andra har barr. Om du inte kommer att arbeta professionellt med tr\u00e4d i livet, \u00e4r k\u00e4nnetecken s\u00e5som dessa nog.<\/p>\n\n\n\n<p>Om man arbetar med skog \u00e4r det d\u00e4remot viktigt att beskriva begreppet tr\u00e4d s\u00e5 att alla \u00e4r \u00f6verens om vad det betyder i fackspr\u00e5ket. Sveriges Skogsv\u00e5rdsf\u00f6rbund \u00e4r ett exempel p\u00e5 en organisation som beh\u00f6vt tydligg\u00f6ra&nbsp;begreppet tr\u00e4d. Efter att TNC och Sveriges Skogsv\u00e5rdsf\u00f6rbund arbetat med begreppet identifierade vi&nbsp;f\u00f6ljande k\u00e4nnetecken:<\/p>\n\n\n\n<ul>\n<li>&nbsp;vedv\u00e4xt<\/li>\n\n\n\n<li>&nbsp;med en stam (till skillnad fr\u00e5n busken som har flera)<\/li>\n\n\n\n<li>&nbsp;icke-kl\u00e4ttrande (till skillnad fr\u00e5n lianen som \u00e4r kl\u00e4ttrande).<\/li>\n<\/ul>\n\n\n\n<blockquote class=\"wp-block-quote is-layout-flow wp-block-quote-is-layout-flow\">\n<p><strong>definition<\/strong><br>beskrivning som ska avgr\u00e4nsa begreppet mot relaterade begrepp<\/p>\n<\/blockquote>\n\n\n\n<h3 class=\"wp-block-heading\">Definitioner avgr\u00e4nsar begreppen<\/h3>\n\n\n\n<p>F\u00f6r att kunna vara \u00f6verens om vad ett begrepp st\u00e5r f\u00f6r beh\u00f6ver vi beskriva det. En beskrivning av ett begrepp som avgr\u00e4nsar det gentemot andra begrepp \u00e4r en <strong>definition<\/strong>. En definition best\u00e5r av de v\u00e4sentliga och s\u00e4rskiljande k\u00e4nnetecknen hos ett begrepp. H\u00e4r nedan ser du definitionerna f\u00f6r begreppen tr\u00e4d, buske och lian.<\/p>\n\n\n\n<blockquote class=\"wp-block-quote is-layout-flow wp-block-quote-is-layout-flow\">\n<p><strong>tr\u00e4d<br><\/strong>vedv\u00e4xt som \u00e4r h\u00f6gvuxen och icke kl\u00e4ttrande och som har genomg\u00e5ende huvudstam<\/p>\n<\/blockquote>\n\n\n\n<blockquote class=\"wp-block-quote is-layout-flow wp-block-quote-is-layout-flow\">\n<p><strong>buske<br><\/strong>vedv\u00e4xt som \u00e4r h\u00f6gvuxen och icke kl\u00e4ttrande och som saknar genom\u00adg\u00e5ende huvudstam<\/p>\n<\/blockquote>\n\n\n\n<blockquote class=\"wp-block-quote is-layout-flow wp-block-quote-is-layout-flow\">\n<p><strong>lian<br><\/strong>kl\u00e4ttrande vedv\u00e4xt<\/p>\n<\/blockquote>\n\n\n\n<p>K\u00e4lla<em>: Terminologicentrum TNC: Skogsordlista, 1994<\/em><\/p>\n\n\n\n<blockquote class=\"wp-block-quote is-layout-flow wp-block-quote-is-layout-flow\">\n<p><strong>term<\/strong><br>ben\u00e4mning f\u00f6r ett allm\u00e4nbegrepp som tillh\u00f6r ett fack\u00adomr\u00e5de<\/p>\n<\/blockquote>\n\n\n\n<h3 class=\"wp-block-heading\">Termer \u00e4r ben\u00e4mningar p\u00e5 fackspecifika begrepp<\/h3>\n\n\n\n<p>F\u00f6r att kunna tala med andra om ett begrepp eller skriva om det beh\u00f6vs ett spr\u00e5kligt uttryck f\u00f6r begreppet. En&nbsp;<strong>term<\/strong>&nbsp;\u00e4r en ben\u00e4mning p\u00e5 ett begrepp som tillh\u00f6r ett fackomr\u00e5de. Exempel p\u00e5 termer \u00e4r&nbsp;<em>tr\u00e4d&nbsp;<\/em>inom skogsindustrin,&nbsp;<em>patient&nbsp;<\/em>inom h\u00e4lso- och sjukv\u00e5rd och&nbsp;<em>driftcykel&nbsp;<\/em>inom k\u00e4rnenergiomr\u00e5det.<\/p>\n\n\n\n<h3 class=\"wp-block-heading\">Terminologins centrala begrepp finns definierade<\/h3>\n\n\n\n<p>I ordlistan <em><a href=\"https:\/\/terminologiframjandet.se\/h552a9FtZ\/wp-content\/uploads\/2019\/03\/Terminologins_terminologi.pdf\">Terminologins terminologi<\/a><\/em> finns centrala termer och begrepp inom omr\u00e5dena terminologil\u00e4ra och terminologiarbete. Ordlistan inneh\u00e5ller termer p\u00e5 engelska, finska och franska.<\/p>\n","protected":false},"excerpt":{"rendered":"<p>Terminologi betyder tv\u00e5 saker. Det st\u00e5r \u00e5 ena sidan f\u00f6r en samling ord och uttryck som ing\u00e5r i ett fackomr\u00e5de \u2013 det som vi menar med till exempel \u201dmedicinsk terminologi\u201d.&hellip;<\/p>\n","protected":false},"author":1,"featured_media":0,"parent":7470,"menu_order":0,"comment_status":"closed","ping_status":"closed","template":"","meta":{"footnotes":""},"_links":{"self":[{"href":"https:\/\/terminologiframjandet.se\/h552a9FtZ\/wp-json\/wp\/v2\/pages\/49"}],"collection":[{"href":"https:\/\/terminologiframjandet.se\/h552a9FtZ\/wp-json\/wp\/v2\/pages"}],"about":[{"href":"https:\/\/terminologiframjandet.se\/h552a9FtZ\/wp-json\/wp\/v2\/types\/page"}],"author":[{"embeddable":true,"href":"https:\/\/terminologiframjandet.se\/h552a9FtZ\/wp-json\/wp\/v2\/users\/1"}],"replies":[{"embeddable":true,"href":"https:\/\/terminologiframjandet.se\/h552a9FtZ\/wp-json\/wp\/v2\/comments?post=49"}],"version-history":[{"count":13,"href":"https:\/\/terminologiframjandet.se\/h552a9FtZ\/wp-json\/wp\/v2\/pages\/49\/revisions"}],"predecessor-version":[{"id":7497,"href":"https:\/\/terminologiframjandet.se\/h552a9FtZ\/wp-json\/wp\/v2\/pages\/49\/revisions\/7497"}],"up":[{"embeddable":true,"href":"https:\/\/terminologiframjandet.se\/h552a9FtZ\/wp-json\/wp\/v2\/pages\/7470"}],"wp:attachment":[{"href":"https:\/\/terminologiframjandet.se\/h552a9FtZ\/wp-json\/wp\/v2\/media?parent=49"}],"curies":[{"name":"wp","href":"https:\/\/api.w.org\/{rel}","templated":true}]}}