{"id":6648,"date":"2021-04-25T09:30:40","date_gmt":"2021-04-25T08:30:40","guid":{"rendered":"https:\/\/terminologiframjandet.se\/h552a9FtZ\/?page_id=6648"},"modified":"2021-05-02T11:55:09","modified_gmt":"2021-05-02T10:55:09","slug":"publikationer-fran-tnc","status":"publish","type":"page","link":"https:\/\/terminologiframjandet.se\/h552a9FtZ\/publikationer-fran-tnc\/","title":{"rendered":"Publikationer fr\u00e5n TNC"},"content":{"rendered":"\n<p>Tekniska nomenklaturcentralen (sedermera Terminologicentrum) TNC gav under sina 77 \u00e5r ut terminologiska ordlistor inom ett femtiotal olika fackomr\u00e5den. I publikationsserien fanns \u00e4ven handb\u00f6cker, t.ex. skrivregler. Den f\u00f6rsta utg\u00e5van, TNC 2 <em>Skrivregler<\/em>, kom 1943, som en av de f\u00f6rsta skrivregelssamlingarna i Sverige.<\/p>\n\n\n\n<p>Vissa ordlistor och den senaste utg\u00e5van av TNC 100 <em>Skrivregler f\u00f6r svenska och engelska<\/em> efterfr\u00e5gas fortfarande. Till hj\u00e4lp f\u00f6r dem som letar och undrar vilka fackomr\u00e5den som bearbetades, vilka ordlistor och handb\u00f6cker som finns kvar och var man kan f\u00e5 tag i dem har vi st\u00e4llt samman en\u00a0<a href=\"https:\/\/terminologiframjandet.se\/h552a9FtZ\/publikationslista\/\">lista \u00f6ver TNC:s publikationer<\/a>,<\/p>\n\n\n\n<p>Fr\u00e5n 1957 gav TNC ut ett nyhetsbrev som med tiden fick namnet TNC-Aktuellt. Att tillg\u00e4ngligg\u00f6ra <a href=\"https:\/\/terminologiframjandet.se\/h552a9FtZ\/tnc-aktuellt\/\">TNC:s nyhetsbrev TNC-Aktuellt<\/a> som pdf-filer p\u00e5 denna webbplats bidrar till att intresserade kan f\u00f6lja TNC-arbetet i d\u00e5tida realtid, bland annat se vilka termfr\u00e5gor som var aktuella vid en viss tidpunkt.<\/p>\n\n\n\n<p>Trevlig l\u00e4sning!<\/p>\n","protected":false},"excerpt":{"rendered":"<p>Tekniska nomenklaturcentralen (sedermera Terminologicentrum) TNC gav under sina 77 \u00e5r ut terminologiska ordlistor inom ett femtiotal olika fackomr\u00e5den. I publikationsserien fanns \u00e4ven handb\u00f6cker, t.ex. skrivregler. Den f\u00f6rsta utg\u00e5van, TNC 2&hellip;<\/p>\n","protected":false},"author":1,"featured_media":0,"parent":0,"menu_order":0,"comment_status":"closed","ping_status":"closed","template":"","meta":{"footnotes":""},"_links":{"self":[{"href":"https:\/\/terminologiframjandet.se\/h552a9FtZ\/wp-json\/wp\/v2\/pages\/6648"}],"collection":[{"href":"https:\/\/terminologiframjandet.se\/h552a9FtZ\/wp-json\/wp\/v2\/pages"}],"about":[{"href":"https:\/\/terminologiframjandet.se\/h552a9FtZ\/wp-json\/wp\/v2\/types\/page"}],"author":[{"embeddable":true,"href":"https:\/\/terminologiframjandet.se\/h552a9FtZ\/wp-json\/wp\/v2\/users\/1"}],"replies":[{"embeddable":true,"href":"https:\/\/terminologiframjandet.se\/h552a9FtZ\/wp-json\/wp\/v2\/comments?post=6648"}],"version-history":[{"count":9,"href":"https:\/\/terminologiframjandet.se\/h552a9FtZ\/wp-json\/wp\/v2\/pages\/6648\/revisions"}],"predecessor-version":[{"id":6679,"href":"https:\/\/terminologiframjandet.se\/h552a9FtZ\/wp-json\/wp\/v2\/pages\/6648\/revisions\/6679"}],"wp:attachment":[{"href":"https:\/\/terminologiframjandet.se\/h552a9FtZ\/wp-json\/wp\/v2\/media?parent=6648"}],"curies":[{"name":"wp","href":"https:\/\/api.w.org\/{rel}","templated":true}]}}