{"id":70,"date":"2019-03-02T00:40:52","date_gmt":"2019-03-02T00:40:52","guid":{"rendered":"https:\/\/terminologiframjandet.se\/h552a9FtZ\/?page_id=70"},"modified":"2025-08-22T14:01:01","modified_gmt":"2025-08-22T12:01:01","slug":"lankar","status":"publish","type":"page","link":"https:\/\/terminologiframjandet.se\/h552a9FtZ\/om-terminologi\/lankar\/","title":{"rendered":"L\u00e4nkar"},"content":{"rendered":"\n<p>En lista med organisationer och n\u00e4tverk samt terminologiska resurser.<\/p>\n\n\n\n<h3 class=\"wp-block-heading\">Organisationer och n\u00e4tverk i Sverige<\/h3>\n\n\n\n<ul>\n<li><a href=\"https:\/\/www.sprakochfolkminnen.se\/sprak\/facksprak-och-terminologi.html\"><strong>Spr\u00e5kr\u00e5dets terminologiverksamhet<\/strong><\/a> \u2013 Spr\u00e5kr\u00e5det \u00e4r en avdelning inom Institutet f\u00f6r spr\u00e5k och folkminnen som \u00f6vertagit ansvaret f\u00f6r det statligt underst\u00f6dda terminologiarbetet fr.o.m. 2019.<\/li>\n\n\n\n<li><a href=\"https:\/\/www.isof.se\/svenska-spraket\/facksprak-och-terminologi\/termgrupper-och-organisationer\/hallbarhetstermgruppen\" target=\"_blank\" rel=\"noreferrer noopener\"><strong>H\u00e5llbarhetstermgruppen<\/strong><\/a><\/li>\n\n\n\n<li>Spr\u00e5kteknologi- och maskininl\u00e4rningstermgruppen<\/li>\n\n\n\n<li><a href=\"http:\/\/www.biotermgruppen.se\"><strong>Svenska biotermgruppen<\/strong><\/a> \u2013 ideell f\u00f6rening som arbetar med terminologin inom livsvetenskaperna.<\/li>\n\n\n\n<li><a href=\"http:\/\/www.photonicsweden.com\/node\/35\" data-type=\"link\" data-id=\"http:\/\/www.photonicsweden.com\/node\/35\" target=\"_blank\" rel=\"noreferrer noopener\"><strong>Svenska optiktermgruppen<\/strong><\/a> \u2013 sammanslutning av experter inom optik som kontinuerligt arbetar med sin terminologi<\/li>\n\n\n\n<li><a href=\"http:\/\/www.datatermgruppen.se\"><strong>Svenska datatermgruppen<\/strong><\/a> \u2013 sammanslutning av terminologer, spr\u00e5kv\u00e5rdare, experter och journalister som arbetar med dataterminologin.<\/li>\n\n\n\n<li><a href=\"https:\/\/www.sls.se\/halsa--sjukvard\/kommitten-for-medicinsk-sprakvard\/\" data-type=\"link\" data-id=\"https:\/\/www.sls.se\/halsa--sjukvard\/kommitten-for-medicinsk-sprakvard\/\" target=\"_blank\" rel=\"noreferrer noopener\"><strong>Svenska l\u00e4kares\u00e4llskapets kommitt\u00e9 f\u00f6r medicinsk spr\u00e5kv\u00e5rd<\/strong><\/a> \u2013 arbetar f\u00f6r ett exakt och enhetligt medicinskt fackspr\u00e5k och best\u00e5r av sektionsrepresentanter och en representant fr\u00e5n Spr\u00e5kr\u00e5det.<\/li>\n\n\n\n<li><a href=\"http:\/\/kemisamfundet.se\/om-oss\/utskott\/nomenklaturutskottet\/\" target=\"_blank\" rel=\"noreferrer noopener\"><strong>Svenska kemisamfundets nomenklaturutskott<\/strong><\/a> \u2013 del av Svenska kemisamfundet som svarar f\u00f6r \u00f6vers\u00e4ttningen av nya kemiska namn till svenska, diskuterar spr\u00e5k- och skrivregelsrelaterade fr\u00e5gor inom kemin och \u00e4r referenspunkten f\u00f6r fr\u00e5gor kring kemisk nomenklatur och kemisk terminologi p\u00e5 svenska<a href=\"http:\/\/kemisamfundet.se\/om-oss\/utskott\/nomenklaturutskottet\/\">.<\/a><\/li>\n\n\n\n<li><a href=\"https:\/\/www.univaasa.fi\/en\/sites\/terminology\/termface\/natverket_termer_och_terminologisering_i_svenskt_facksprak\/\" target=\"_blank\" rel=\"noreferrer noopener\"><strong>Termer och terminologisering i svenskt fackspr\u00e5k<\/strong><\/a> \u2013 forskarn\u00e4tverk d\u00e4r Vasa universitet, G\u00f6teborgs universitet och Ume\u00e5 universitet samverkar och ordnar gemensamma seminarier.<\/li>\n\n\n\n<li><a href=\"https:\/\/www.kth.se\/social\/group\/sprakkommitten\/page\/fackterminologi\/\" target=\"_blank\" rel=\"noreferrer noopener\"><strong>Spr\u00e5kkommitt\u00e9n p\u00e5 KTH<\/strong><\/a> bevakar spr\u00e5kfr\u00e5gor i vid mening p\u00e5 KTH och har i uppgift att implementera KTH:s spr\u00e5kpolicy i verksamheten och ger r\u00e5d och tips i spr\u00e5kliga fr\u00e5gor av generell art.<\/li>\n<\/ul>\n\n\n\n<h3 class=\"wp-block-heading\">Organisationer och n\u00e4tverk i Norden<\/h3>\n\n\n\n<ul>\n<li><a href=\"http:\/\/www.nordterm.net\/\" data-type=\"link\" data-id=\"http:\/\/www.nordterm.net\/\" target=\"_blank\" rel=\"noreferrer noopener\"><strong>Nordterm<\/strong><\/a> \u2013 det terminologiska n\u00e4tverket f\u00f6r terminologi som har varit ig\u00e5ng sedan 1976 ordnar en konferens vartannat \u00e5r och samarbetar \u00e4ven i \u00f6vrigt kring gemensamma projekt (ordlistor, kurser, forskning)<\/li>\n\n\n\n<li><a href=\"https:\/\/www.sprakradet.no\/Sprakarbeid\/Terminologi\/\" data-type=\"link\" data-id=\"https:\/\/www.sprakradet.no\/Sprakarbeid\/Terminologi\/\" target=\"_blank\" rel=\"noreferrer noopener\"><strong>Spr\u00e5kr\u00e5det i Norge<\/strong><\/a> \u2013 Spr\u00e5kr\u00e5det i Norge har som i Sverige anst\u00e4llda terminologer och ger bl.a. kurser i terminologi<\/li>\n\n\n\n<li><strong><a href=\"http:\/\/blog.cbs.dk\/terminologigruppen\/\" target=\"_blank\" rel=\"noreferrer noopener\">Terminologigruppen i Danmark<\/a> <\/strong>\u2013 ett paraplyn\u00e4tverk f\u00f6r terminologiaktiviteter i Danmark<\/li>\n\n\n\n<li><a href=\"http:\/\/www.tsk.fi\/tsk\/sv\/ing%C3%A5ngssida-120.html\" data-type=\"link\" data-id=\"http:\/\/www.tsk.fi\/tsk\/sv\/ing%C3%A5ngssida-120.html\" target=\"_blank\" rel=\"noreferrer noopener\"><strong>Sanastokeskus TSK<\/strong><\/a> \u2013 Finlands terminologicentral<\/li>\n\n\n\n<li><a href=\"https:\/\/arnastofnun.is\/is\" target=\"_blank\" rel=\"noreferrer noopener\"><strong>Stofnun \u00c1rna Magn\u00fassonar \u00ed \u00edslenskum fr\u00e6\u00f0um<\/strong><\/a> \u2013 Islands spr\u00e5kmyndighet har \u00e4ven hand om arbetet med fackspr\u00e5k och terminologi som sker i olika fackspr\u00e5kliga kommitt\u00e9r. De publicerar i termbanken Or\u00f0abanki.<\/li>\n\n\n\n<li><a href=\"https:\/\/oqaasileriffik.gl\/\" target=\"_blank\" rel=\"noreferrer noopener\"><strong>Oqaasileriffik<\/strong><\/a> - Gr\u00f6nlands spr\u00e5ksekretariat<\/li>\n<\/ul>\n\n\n\n<h3 class=\"wp-block-heading\">Organisationer och n\u00e4tverk i Europa<\/h3>\n\n\n\n<ul>\n<li><a href=\"http:\/\/www.eaft-aet.net\/sv\/index\/\" target=\"_blank\" rel=\"noreferrer noopener\"><strong>EAFT (Europeiska terminologif\u00f6reningen<\/strong>)<\/a> \u2013 EAFT \u00e4r en plattform f\u00f6r alla terminologiorganisationer i Europa och arbetar f\u00f6r att f\u00f6ra fram terminologi och flerspr\u00e5klighet, bl.a. genom att dela ut terminologipriser och anordna en stor v\u00e4rldskonferens vartannat \u00e5r.<\/li>\n\n\n\n<li><strong><a href=\"http:\/\/dttev.org\/\" data-type=\"link\" data-id=\"http:\/\/dttev.org\/\" target=\"_blank\" rel=\"noreferrer noopener\">DTT<\/a> <\/strong>(Tyskland) \u2013 tyska terminologiorganisationen<\/li>\n\n\n\n<li><strong><a href=\"https:\/\/termcat.cat\/ca\" target=\"_blank\" rel=\"noreferrer noopener\">Termcat<\/a><\/strong>, den katalanska terminologiorganisationen, har tillsammans med Europeiska terminologif\u00f6reningen EAFT, gjort en <a href=\"https:\/\/www.termcat.cat\/en\/recursos\/productes-multimedia\/terminology-europe-map\">klickbar karta \u00f6ver terminologiorganisationer i Europa<\/a>.<\/li>\n\n\n\n<li><a href=\"https:\/\/www.termnet.org\/\" target=\"_blank\" rel=\"noreferrer noopener\"><strong>TermNet<\/strong> - International Network for Terminology<\/a><\/li>\n<\/ul>\n\n\n\n<h3 class=\"wp-block-heading\">Terminologiska resurser<\/h3>\n\n\n\n<ul>\n<li><strong><a href=\"http:\/\/rikstermbanken.se\/\" target=\"_blank\" rel=\"noreferrer noopener\">Rikstermbanken<\/a><\/strong> \u2013 Sveriges nationella termbank med termer och definitioner inom alla omr\u00e5den, p\u00e5 svenska och andra spr\u00e5k. Rikstermbanken startades 2009 av TNC men nu har Spr\u00e5kr\u00e5det \u00f6vertagit ansvaret f\u00f6r fortsatt drift.<\/li>\n\n\n\n<li><strong><a href=\"http:\/\/termbank.socialstyrelsen.se\/\" target=\"_blank\" rel=\"noreferrer noopener\">Socialstyrelsens termbank<\/a><\/strong> \u2013 Sedan m\u00e5nga \u00e5r publicerar Socialstyrelsen v\u00e5rdadministrativa termer och begrepp i en termbank p\u00e5 n\u00e4tet, men ocks\u00e5 som \u00f6ppna data.<\/li>\n\n\n\n<li><a href=\"https:\/\/termbank-informationssakerhet.msb.se\/\" target=\"_blank\" rel=\"noreferrer noopener\"><strong>Termbanken f\u00f6r informationss\u00e4kerhet<\/strong><\/a> \u2013 MSB:s termbank f\u00f6r informations- och cybers\u00e4kerhetsomr\u00e5det<\/li>\n\n\n\n<li><strong><a href=\"https:\/\/begreppsbank.boverket.se\/\" target=\"_blank\" rel=\"noreferrer noopener\">Begreppsbanken<\/a> <\/strong>- Boverkets termbank<\/li>\n\n\n\n<li><strong><a href=\"http:\/\/www.electropedia.org\/\" target=\"_blank\" rel=\"noreferrer noopener\">Electropedia (IEV)<\/a><\/strong><a><strong>:<\/strong>&nbsp;<\/a>\u00d6ver 20&nbsp;000 eltekniska termer fr\u00e5n IEV (termer och annan information p\u00e5 engelska, franska, termer p\u00e5 arabiska, italienska, japanska, kinesiska, portugisiska, polska, ryska, spanska, svenska, tyska).<\/li>\n\n\n\n<li><strong><a href=\"http:\/\/www.eurotermbank.com\" target=\"_blank\" rel=\"noreferrer noopener\">EuroTermBank<\/a><\/strong>: EuroTermBank \u00e4r resultatet av ett samarbetsprojekt mellan n\u00e5gra av de nyare EU-l\u00e4nderna. Termbanken inneh\u00e5ller terminologi p\u00e5 estniska, lettiska, litauiska, polska och ungerska, men \u00e4ven p\u00e5 svenska och flera andra spr\u00e5k.<\/li>\n\n\n\n<li><strong><a href=\"http:\/\/iate.europa.eu\" target=\"_blank\" rel=\"noreferrer noopener\">IATE<\/a><\/strong>:<a href=\"http:\/\/iate.europa.eu\/\"> <\/a>EUs gemensamma termbank med ett stort antal termer p\u00e5 EU-spr\u00e5ken.<\/li>\n\n\n\n<li><strong><a href=\"http:\/\/browser.ihtsdotools.org\/?perspective=full&amp;conceptId1=404684003&amp;edition=se-edition&amp;release=v20151130&amp;server=http:\/\/multibrowser.ihtsdotools.org\/api\/snomed&amp;langRefset=46011000052107\">IHTSDO<\/a> SNOMED CT Browser: <\/strong>Medicinsk terminologi p\u00e5 svenska och engelska.<\/li>\n\n\n\n<li><strong><a href=\"https:\/\/www.iso.org\/obp\/ui\/\">ISO Online Browsing Platform <\/a>(OBP): <\/strong>Terminologi ur engelskspr\u00e5kiga standarder (\u00e4ven ur upph\u00e4vda och \u00e4nnu icke publicerade standarder). Logga in med Guest.<\/li>\n\n\n\n<li><strong><a href=\"http:\/\/www.tsk.fi\/tepa\/\">TEPA<\/a>:&nbsp;<\/strong>Termbank som utvecklats av TNCs systerorganisation i Finland, TSK.<\/li>\n\n\n\n<li><strong><a href=\"http:\/\/www.btb.termiumplus.gc.ca\/tpv2alpha\/alpha-eng.html?lang=eng\">Termium<\/a><\/strong>: kanadensisk termbank<\/li>\n\n\n\n<li><a href=\"https:\/\/termlex.info\/\" data-type=\"link\" data-id=\"https:\/\/termlex.info\/\" target=\"_blank\" rel=\"noreferrer noopener\"><strong>Termlex<\/strong><\/a>: terminologi ur standarder p\u00e5 danska, norska, svenska och tyska<\/li>\n\n\n\n<li><strong><a href=\"http:\/\/mot.kielikone.fi\/mot\/valter\/netmot.exe?UI=svvl\">Valter<\/a>:&nbsp;<\/strong>Valter \u00e4r namnet p\u00e5 finska statsr\u00e5dets termbank. Den inneh\u00e5ller de ordlistor som statsr\u00e5dets kanslis spr\u00e5ktj\u00e4nst har publicerat.<\/li>\n\n\n\n<li><strong><a href=\"http:\/\/tieteentermipankki.fi\/wiki\/Termipankki:Etusivu\/sv\">Vetenskapstermbanken i Finland<\/a>:<\/strong> Terminologi p\u00e5 finska och andra spr\u00e5k inom n\u00e5gra \u00e4mnesomr\u00e5den.<\/li>\n<\/ul>\n","protected":false},"excerpt":{"rendered":"<p>En lista med organisationer och n\u00e4tverk samt terminologiska resurser. Organisationer och n\u00e4tverk i Sverige Organisationer och n\u00e4tverk i Norden Organisationer och n\u00e4tverk i Europa Terminologiska resurser<\/p>\n","protected":false},"author":1,"featured_media":0,"parent":7470,"menu_order":0,"comment_status":"closed","ping_status":"closed","template":"","meta":{"footnotes":""},"_links":{"self":[{"href":"https:\/\/terminologiframjandet.se\/h552a9FtZ\/wp-json\/wp\/v2\/pages\/70"}],"collection":[{"href":"https:\/\/terminologiframjandet.se\/h552a9FtZ\/wp-json\/wp\/v2\/pages"}],"about":[{"href":"https:\/\/terminologiframjandet.se\/h552a9FtZ\/wp-json\/wp\/v2\/types\/page"}],"author":[{"embeddable":true,"href":"https:\/\/terminologiframjandet.se\/h552a9FtZ\/wp-json\/wp\/v2\/users\/1"}],"replies":[{"embeddable":true,"href":"https:\/\/terminologiframjandet.se\/h552a9FtZ\/wp-json\/wp\/v2\/comments?post=70"}],"version-history":[{"count":16,"href":"https:\/\/terminologiframjandet.se\/h552a9FtZ\/wp-json\/wp\/v2\/pages\/70\/revisions"}],"predecessor-version":[{"id":8763,"href":"https:\/\/terminologiframjandet.se\/h552a9FtZ\/wp-json\/wp\/v2\/pages\/70\/revisions\/8763"}],"up":[{"embeddable":true,"href":"https:\/\/terminologiframjandet.se\/h552a9FtZ\/wp-json\/wp\/v2\/pages\/7470"}],"wp:attachment":[{"href":"https:\/\/terminologiframjandet.se\/h552a9FtZ\/wp-json\/wp\/v2\/media?parent=70"}],"curies":[{"name":"wp","href":"https:\/\/api.w.org\/{rel}","templated":true}]}}