{"id":7445,"date":"2023-01-04T10:45:37","date_gmt":"2023-01-04T09:45:37","guid":{"rendered":"https:\/\/terminologiframjandet.se\/h552a9FtZ\/?page_id=7445"},"modified":"2026-05-05T11:00:55","modified_gmt":"2026-05-05T09:00:55","slug":"aktuellt","status":"publish","type":"page","link":"https:\/\/terminologiframjandet.se\/h552a9FtZ\/aktuellt\/","title":{"rendered":"Aktuellt"},"content":{"rendered":"\n<h2 class=\"wp-block-heading\">Webbinarium 21 maj 2026<\/h2>\n\n\n\n<p>Terminologifr\u00e4mjandet ordnar ett webbinarium, \"Terminologi \u2013 h\u00e4lsodatas osynliga ryggrad\", med Michael Harwood-Jones fr\u00e5n Snomed International. Webbinariet \u00e4r gratis och h\u00e5lls p\u00e5 engelska, den<br>21 maj 2026, kl. 17.00.<\/p>\n\n\n\n<h2 class=\"wp-block-heading\">\u00c5rsst\u00e4mma 26 mars 2026<\/h2>\n\n\n\n<p>Terminologifr\u00e4mjandet h\u00e5ller&nbsp;<strong>\u00e5rsst\u00e4mma den 26 mars<\/strong>. St\u00e4mman f\u00f6ljs av en medlemsdiskussion om vad f\u00f6reningen b\u00f6r satsa p\u00e5. Det blir \u00e4ven ett f\u00f6redrag om Transportstyrelsens terminologiarbete av Sofia Boda och Elin Johansson.<\/p>\n\n\n\n<div class=\"wp-block-query is-layout-flow wp-block-query-is-layout-flow\"><ul class=\"wp-block-post-template is-layout-flow wp-block-post-template-is-layout-flow\"><li class=\"wp-block-post post-8214 page type-page status-publish hentry\"><\/li><li class=\"wp-block-post post-335 page type-page status-publish hentry\"><\/li><li class=\"wp-block-post post-322 page type-page status-publish hentry\"><\/li><\/ul><\/div>\n","protected":false},"excerpt":{"rendered":"<p>Webbinarium 21 maj 2026 Terminologifr\u00e4mjandet ordnar ett webbinarium, &#8221;Terminologi \u2013 h\u00e4lsodatas osynliga ryggrad&#8221;, med Michael Harwood-Jones fr\u00e5n Snomed International. Webbinariet \u00e4r gratis och h\u00e5lls p\u00e5 engelska, den21 maj 2026, kl.&hellip;<\/p>\n","protected":false},"author":1,"featured_media":0,"parent":0,"menu_order":0,"comment_status":"closed","ping_status":"closed","template":"","meta":{"footnotes":""},"_links":{"self":[{"href":"https:\/\/terminologiframjandet.se\/h552a9FtZ\/wp-json\/wp\/v2\/pages\/7445"}],"collection":[{"href":"https:\/\/terminologiframjandet.se\/h552a9FtZ\/wp-json\/wp\/v2\/pages"}],"about":[{"href":"https:\/\/terminologiframjandet.se\/h552a9FtZ\/wp-json\/wp\/v2\/types\/page"}],"author":[{"embeddable":true,"href":"https:\/\/terminologiframjandet.se\/h552a9FtZ\/wp-json\/wp\/v2\/users\/1"}],"replies":[{"embeddable":true,"href":"https:\/\/terminologiframjandet.se\/h552a9FtZ\/wp-json\/wp\/v2\/comments?post=7445"}],"version-history":[{"count":16,"href":"https:\/\/terminologiframjandet.se\/h552a9FtZ\/wp-json\/wp\/v2\/pages\/7445\/revisions"}],"predecessor-version":[{"id":9125,"href":"https:\/\/terminologiframjandet.se\/h552a9FtZ\/wp-json\/wp\/v2\/pages\/7445\/revisions\/9125"}],"wp:attachment":[{"href":"https:\/\/terminologiframjandet.se\/h552a9FtZ\/wp-json\/wp\/v2\/media?parent=7445"}],"curies":[{"name":"wp","href":"https:\/\/api.w.org\/{rel}","templated":true}]}}