{"id":7470,"date":"2023-01-04T11:49:35","date_gmt":"2023-01-04T10:49:35","guid":{"rendered":"https:\/\/terminologiframjandet.se\/h552a9FtZ\/?page_id=7470"},"modified":"2023-01-04T12:22:34","modified_gmt":"2023-01-04T11:22:34","slug":"om-terminologi","status":"publish","type":"page","link":"https:\/\/terminologiframjandet.se\/h552a9FtZ\/om-terminologi\/","title":{"rendered":"Om terminologi"},"content":{"rendered":"\n<div class=\"wp-block-query is-layout-flow wp-block-query-is-layout-flow\"><ul class=\"wp-block-post-template is-layout-flow wp-block-post-template-is-layout-flow\"><li class=\"wp-block-post post-70 page type-page status-publish hentry\">\n<h2 class=\"wp-block-post-title\"><a href=\"https:\/\/terminologiframjandet.se\/h552a9FtZ\/om-terminologi\/lankar\/\" target=\"_self\" >L\u00e4nkar<\/a><\/h2>\n\n\n\n<div class=\"wp-block-post-excerpt\"><p class=\"wp-block-post-excerpt__excerpt\">En lista med organisationer och n\u00e4tverk samt terminologiska resurser. Organisationer och n\u00e4tverk i Sverige Organisationer och n\u00e4tverk i Norden Organisationer och n\u00e4tverk i Europa Terminologiska resurser <a class=\"wp-block-post-excerpt__more-link\" href=\"https:\/\/terminologiframjandet.se\/h552a9FtZ\/om-terminologi\/lankar\/\">[L\u00e4s mer]<\/a><\/p><\/div>\n\n\n<hr class=\"wp-block-separator has-css-opacity\"\/>\n\n<\/li><li class=\"wp-block-post post-286 page type-page status-publish hentry\">\n<h2 class=\"wp-block-post-title\"><a href=\"https:\/\/terminologiframjandet.se\/h552a9FtZ\/om-terminologi\/las-mer-om-terminologi\/\" target=\"_self\" >L\u00e4s mer (om terminologi)<\/a><\/h2>\n\n\n\n<div class=\"wp-block-post-excerpt\"><p class=\"wp-block-post-excerpt__excerpt\">H\u00e4r redovisar vi n\u00e5gra k\u00e4llor till f\u00f6rdjupning i terminologi\u00e4mnet. Terminologiguiden. En introduktion till terminologiarbete i teori och praktik inneh\u00e5ller all grundl\u00e4ggande information om de moment som beh\u00f6vs f\u00f6r att framg\u00e5ngsrikt&hellip; <a class=\"wp-block-post-excerpt__more-link\" href=\"https:\/\/terminologiframjandet.se\/h552a9FtZ\/om-terminologi\/las-mer-om-terminologi\/\">[L\u00e4s mer]<\/a><\/p><\/div>\n\n\n<hr class=\"wp-block-separator has-css-opacity\"\/>\n\n<\/li><li class=\"wp-block-post post-49 page type-page status-publish hentry\">\n<h2 class=\"wp-block-post-title\"><a href=\"https:\/\/terminologiframjandet.se\/h552a9FtZ\/om-terminologi\/vad-ar-terminologi\/\" target=\"_self\" >Terminologi och fackspr\u00e5k i korthet<\/a><\/h2>\n\n\n\n<div class=\"wp-block-post-excerpt\"><p class=\"wp-block-post-excerpt__excerpt\">Terminologi betyder tv\u00e5 saker. Det st\u00e5r \u00e5 ena sidan f\u00f6r en samling ord och uttryck som ing\u00e5r i ett fackomr\u00e5de \u2013 det som vi menar med till exempel \u201dmedicinsk terminologi\u201d.&hellip; <a class=\"wp-block-post-excerpt__more-link\" href=\"https:\/\/terminologiframjandet.se\/h552a9FtZ\/om-terminologi\/vad-ar-terminologi\/\">[L\u00e4s mer]<\/a><\/p><\/div>\n\n\n<hr class=\"wp-block-separator has-css-opacity\"\/>\n\n<\/li><li class=\"wp-block-post post-7148 page type-page status-publish hentry\">\n<h2 class=\"wp-block-post-title\"><a href=\"https:\/\/terminologiframjandet.se\/h552a9FtZ\/om-terminologi\/verktyg-for-terminologiarbete\/\" target=\"_self\" >Verktyg f\u00f6r terminologiarbete<\/a><\/h2>\n\n\n\n<div class=\"wp-block-post-excerpt\"><p class=\"wp-block-post-excerpt__excerpt\">Terminologens verktyg \u00e4r inte bara metodik f\u00f6r begreppsanalys, definitionsskrivning och termval. Det finns ocks\u00e5 en hel del tekniska verktyg som underl\u00e4ttar delar av terminologiarbetet. S\u00e4rskilt anv\u00e4ndbara \u00e4r verktyg f\u00f6r extraktion,&hellip; <a class=\"wp-block-post-excerpt__more-link\" href=\"https:\/\/terminologiframjandet.se\/h552a9FtZ\/om-terminologi\/verktyg-for-terminologiarbete\/\">[L\u00e4s mer]<\/a><\/p><\/div>\n\n\n<hr class=\"wp-block-separator has-css-opacity\"\/>\n\n<\/li><\/ul><\/div>\n","protected":false},"excerpt":{"rendered":"","protected":false},"author":1,"featured_media":0,"parent":0,"menu_order":0,"comment_status":"closed","ping_status":"closed","template":"","meta":{"footnotes":""},"_links":{"self":[{"href":"https:\/\/terminologiframjandet.se\/h552a9FtZ\/wp-json\/wp\/v2\/pages\/7470"}],"collection":[{"href":"https:\/\/terminologiframjandet.se\/h552a9FtZ\/wp-json\/wp\/v2\/pages"}],"about":[{"href":"https:\/\/terminologiframjandet.se\/h552a9FtZ\/wp-json\/wp\/v2\/types\/page"}],"author":[{"embeddable":true,"href":"https:\/\/terminologiframjandet.se\/h552a9FtZ\/wp-json\/wp\/v2\/users\/1"}],"replies":[{"embeddable":true,"href":"https:\/\/terminologiframjandet.se\/h552a9FtZ\/wp-json\/wp\/v2\/comments?post=7470"}],"version-history":[{"count":6,"href":"https:\/\/terminologiframjandet.se\/h552a9FtZ\/wp-json\/wp\/v2\/pages\/7470\/revisions"}],"predecessor-version":[{"id":8095,"href":"https:\/\/terminologiframjandet.se\/h552a9FtZ\/wp-json\/wp\/v2\/pages\/7470\/revisions\/8095"}],"wp:attachment":[{"href":"https:\/\/terminologiframjandet.se\/h552a9FtZ\/wp-json\/wp\/v2\/media?parent=7470"}],"curies":[{"name":"wp","href":"https:\/\/api.w.org\/{rel}","templated":true}]}}