{"id":7502,"date":"2023-01-04T13:37:35","date_gmt":"2023-01-04T12:37:35","guid":{"rendered":"https:\/\/terminologiframjandet.se\/h552a9FtZ\/?page_id=7502"},"modified":"2023-01-04T14:14:34","modified_gmt":"2023-01-04T13:14:34","slug":"publikationer","status":"publish","type":"page","link":"https:\/\/terminologiframjandet.se\/h552a9FtZ\/publikationer\/","title":{"rendered":"Publikationer"},"content":{"rendered":"\n<div class=\"wp-block-query is-layout-flow wp-block-query-is-layout-flow\"><ul class=\"wp-block-post-template is-layout-flow wp-block-post-template-is-layout-flow\"><li class=\"wp-block-post post-6626 page type-page status-publish hentry\">\n\n<div class=\"wp-block-group\" style=\"padding-top:30px;padding-right:30px;padding-bottom:30px;padding-left:30px\"><div class=\"wp-block-group__inner-container is-layout-flow wp-block-group-is-layout-flow\"><h2 class=\"wp-block-post-title\"><a href=\"https:\/\/terminologiframjandet.se\/h552a9FtZ\/publikationer\/publikationslista\/\" target=\"_self\" >TNC-publikationer<\/a><\/h2>\n\n<div class=\"wp-block-post-excerpt\"><p class=\"wp-block-post-excerpt__excerpt\">Terminologicentrum TNC gav ut ett flertal publikationer fr\u00e5n 1941 och fram\u00e5t. John Wennerberg skrev i Teknisk tidskrift 1942 att \"N\u00e4mnda publikationsserie st\u00e5r \u00f6ppen f\u00f6r alla som i samarbete med TNC&hellip; <a class=\"wp-block-post-excerpt__more-link\" href=\"https:\/\/terminologiframjandet.se\/h552a9FtZ\/publikationer\/publikationslista\/\">[L\u00e4s mer]<\/a><\/p><\/div><\/div><\/div>\n\n<\/li><li class=\"wp-block-post post-6149 page type-page status-publish hentry\">\n\n<div class=\"wp-block-group\" style=\"padding-top:30px;padding-right:30px;padding-bottom:30px;padding-left:30px\"><div class=\"wp-block-group__inner-container is-layout-flow wp-block-group-is-layout-flow\"><h2 class=\"wp-block-post-title\"><a href=\"https:\/\/terminologiframjandet.se\/h552a9FtZ\/publikationer\/tnc-aktuellt\/\" target=\"_self\" >TNC-Aktuellt<\/a><\/h2>\n\n<div class=\"wp-block-post-excerpt\"><p class=\"wp-block-post-excerpt__excerpt\">Redan 1957 b\u00f6rjade TNC ge ut ett nyhetsbrev, d\u00e5 under namnet \"Nomenklaturrapport fr\u00e5n TNC\". Redan 1958 bytte nyhetsbrevet namn till \"Aktuella nomenklatur- och terminologifr\u00e5gor\" och fr\u00e5n och med nummer 1,&hellip; <a class=\"wp-block-post-excerpt__more-link\" href=\"https:\/\/terminologiframjandet.se\/h552a9FtZ\/publikationer\/tnc-aktuellt\/\">[L\u00e4s mer]<\/a><\/p><\/div><\/div><\/div>\n\n<\/li><\/ul><\/div>\n","protected":false},"excerpt":{"rendered":"","protected":false},"author":1,"featured_media":0,"parent":0,"menu_order":0,"comment_status":"closed","ping_status":"closed","template":"","meta":{"footnotes":""},"_links":{"self":[{"href":"https:\/\/terminologiframjandet.se\/h552a9FtZ\/wp-json\/wp\/v2\/pages\/7502"}],"collection":[{"href":"https:\/\/terminologiframjandet.se\/h552a9FtZ\/wp-json\/wp\/v2\/pages"}],"about":[{"href":"https:\/\/terminologiframjandet.se\/h552a9FtZ\/wp-json\/wp\/v2\/types\/page"}],"author":[{"embeddable":true,"href":"https:\/\/terminologiframjandet.se\/h552a9FtZ\/wp-json\/wp\/v2\/users\/1"}],"replies":[{"embeddable":true,"href":"https:\/\/terminologiframjandet.se\/h552a9FtZ\/wp-json\/wp\/v2\/comments?post=7502"}],"version-history":[{"count":6,"href":"https:\/\/terminologiframjandet.se\/h552a9FtZ\/wp-json\/wp\/v2\/pages\/7502\/revisions"}],"predecessor-version":[{"id":7527,"href":"https:\/\/terminologiframjandet.se\/h552a9FtZ\/wp-json\/wp\/v2\/pages\/7502\/revisions\/7527"}],"wp:attachment":[{"href":"https:\/\/terminologiframjandet.se\/h552a9FtZ\/wp-json\/wp\/v2\/media?parent=7502"}],"curies":[{"name":"wp","href":"https:\/\/api.w.org\/{rel}","templated":true}]}}