{"id":7558,"date":"2023-01-05T16:54:49","date_gmt":"2023-01-05T15:54:49","guid":{"rendered":"https:\/\/terminologiframjandet.se\/h552a9FtZ\/?page_id=7558"},"modified":"2023-11-20T23:46:48","modified_gmt":"2023-11-20T22:46:48","slug":"konsultsokning","status":"publish","type":"page","link":"https:\/\/terminologiframjandet.se\/h552a9FtZ\/konsultsokning\/","title":{"rendered":"Konsults\u00f6kning"},"content":{"rendered":"\n<div class=\"ws-plugin--s2member-list-search-box-wrapper\">\n\t<div class=\"ws-plugin--s2member-list-search-box-container\">\n\t\t<div> <!-- class=\"ws-plugin--s2member-list-search-box\" -->\n\t\t\t<form action=\"resultat-av-konsultsokning\" method=\"get\" autocomplete=\"off\">\n\t\t\t\t <!-- Replaced dynamically by s2Member. Please leave this here. -->\n\t\t\t\t<p>F\u00f6r att hitta en terminologikonsult via denna tj\u00e4nst v\u00e4ljer du det av nedanst\u00e5ende alternativ som b\u00e4st st\u00e4mmer in p\u00e5 dina aktuella behov. Finns det flera alternativ som st\u00e4mmer g\u00f6r du flera s\u00f6kningar. S\u00f6kresultatet best\u00e5r av namn p\u00e5 konsulter som har de kr\u00e4vda kompetenserna.<\/p>\n\t\t\t\t<p><b>Vi beh\u00f6ver ...<\/b><\/p>\n\t\t\t\t<table>\n\t\t\t\t\t<tbody>\n\t\t\t\t\t\t\t\t\t\t<tr>\n\t\t\t\t\t\t<td>\n\t\t\t\t\t\t\t<input type=\"radio\"\n\t\t\t\t\t\t\t\tid=\"reda_ut\"\n\t\t\t\t\t\t\t\tname=\"tf_employer_request\"\n\t\t\t\t\t\t\t\tvalue=\"reda_ut\"\n\t\t\t\t\t\t    \/>\n\t\t\t\t\t\t<\/td>\n\t\t\t\t\t\t<td>\n\t\t\t\t\t\t\t<label for=\"reda_ut\"\n\t\t\t\t\t\t\t\t   >n\u00e5gon som kan reda ut och definiera v\u00e5ra begrepp \u00e5t\/med oss<\/label>\n\t\t\t\t\t\t<\/td>\n\t\t\t\t\t<\/tr>\n\t\t\t\t\t\t\t\t\t\t<tr>\n\t\t\t\t\t\t<td>\n\t\t\t\t\t\t\t<input type=\"radio\"\n\t\t\t\t\t\t\t\tid=\"st\u00f6tta\"\n\t\t\t\t\t\t\t\tname=\"tf_employer_request\"\n\t\t\t\t\t\t\t\tvalue=\"st\u00f6tta\"\n\t\t\t\t\t\t    \/>\n\t\t\t\t\t\t<\/td>\n\t\t\t\t\t\t<td>\n\t\t\t\t\t\t\t<label for=\"st\u00f6tta\"\n\t\t\t\t\t\t\t\t   >n\u00e5gon som kan st\u00f6tta oss i att genomf\u00f6ra ett terminologiprojekt<\/label>\n\t\t\t\t\t\t<\/td>\n\t\t\t\t\t<\/tr>\n\t\t\t\t\t\t\t\t\t\t<tr>\n\t\t\t\t\t\t<td>\n\t\t\t\t\t\t\t<input type=\"radio\"\n\t\t\t\t\t\t\t\tid=\"kartl\u00e4gga\"\n\t\t\t\t\t\t\t\tname=\"tf_employer_request\"\n\t\t\t\t\t\t\t\tvalue=\"kartl\u00e4gga\"\n\t\t\t\t\t\t    \/>\n\t\t\t\t\t\t<\/td>\n\t\t\t\t\t\t<td>\n\t\t\t\t\t\t\t<label for=\"kartl\u00e4gga\"\n\t\t\t\t\t\t\t\t   >n\u00e5gon som kan kartl\u00e4gga och analysera v\u00e5ra terminologiproblem och f\u00f6resl\u00e5 l\u00f6sningar<\/label>\n\t\t\t\t\t\t<\/td>\n\t\t\t\t\t<\/tr>\n\t\t\t\t\t\t\t\t\t\t<tr>\n\t\t\t\t\t\t<td>\n\t\t\t\t\t\t\t<input type=\"radio\"\n\t\t\t\t\t\t\t\tid=\"granska\"\n\t\t\t\t\t\t\t\tname=\"tf_employer_request\"\n\t\t\t\t\t\t\t\tvalue=\"granska\"\n\t\t\t\t\t\t    \/>\n\t\t\t\t\t\t<\/td>\n\t\t\t\t\t\t<td>\n\t\t\t\t\t\t\t<label for=\"granska\"\n\t\t\t\t\t\t\t\t   >n\u00e5gon som kan granska v\u00e5ra dokument och modeller &quot;med terminologiska glas\u00f6gon&quot;<\/label>\n\t\t\t\t\t\t<\/td>\n\t\t\t\t\t<\/tr>\n\t\t\t\t\t\t\t\t\t\t<tr>\n\t\t\t\t\t\t<td>\n\t\t\t\t\t\t\t<input type=\"radio\"\n\t\t\t\t\t\t\t\tid=\"termbank\"\n\t\t\t\t\t\t\t\tname=\"tf_employer_request\"\n\t\t\t\t\t\t\t\tvalue=\"termbank\"\n\t\t\t\t\t\t    \/>\n\t\t\t\t\t\t<\/td>\n\t\t\t\t\t\t<td>\n\t\t\t\t\t\t\t<label for=\"termbank\"\n\t\t\t\t\t\t\t\t   >n\u00e5gon som kan bygga upp en termbank \u00e5t oss<\/label>\n\t\t\t\t\t\t<\/td>\n\t\t\t\t\t<\/tr>\n\t\t\t\t\t\t\t\t\t\t<tr>\n\t\t\t\t\t\t<td>\n\t\t\t\t\t\t\t<input type=\"radio\"\n\t\t\t\t\t\t\t\tid=\"undervisa\"\n\t\t\t\t\t\t\t\tname=\"tf_employer_request\"\n\t\t\t\t\t\t\t\tvalue=\"undervisa\"\n\t\t\t\t\t\t    \/>\n\t\t\t\t\t\t<\/td>\n\t\t\t\t\t\t<td>\n\t\t\t\t\t\t\t<label for=\"undervisa\"\n\t\t\t\t\t\t\t\t   >n\u00e5gon som kan undervisa oss i terminologi<\/label>\n\t\t\t\t\t\t<\/td>\n\t\t\t\t\t<\/tr>\n\t\t\t\t\t\t\t\t\t\t<tr>\n\t\t\t\t\t\t<td>\n\t\t\t\t\t\t\t<input type=\"radio\"\n\t\t\t\t\t\t\t\tid=\"begreppsmodeller\"\n\t\t\t\t\t\t\t\tname=\"tf_employer_request\"\n\t\t\t\t\t\t\t\tvalue=\"begreppsmodeller\"\n\t\t\t\t\t\t    \/>\n\t\t\t\t\t\t<\/td>\n\t\t\t\t\t\t<td>\n\t\t\t\t\t\t\t<label for=\"begreppsmodeller\"\n\t\t\t\t\t\t\t\t   >n\u00e5gon som kan utarbeta begreppsmodeller inf\u00f6r skapande av IT-st\u00f6d<\/label>\n\t\t\t\t\t\t<\/td>\n\t\t\t\t\t<\/tr>\n\t\t\t\t\t\t\t\t\t\t<tr>\n\t\t\t\t\t\t<td>\n\t\t\t\t\t\t\t<input type=\"radio\"\n\t\t\t\t\t\t\t\tid=\"flerspr\u00e5k\"\n\t\t\t\t\t\t\t\tname=\"tf_employer_request\"\n\t\t\t\t\t\t\t\tvalue=\"flerspr\u00e5k\"\n\t\t\t\t\t\t    \/>\n\t\t\t\t\t\t<\/td>\n\t\t\t\t\t\t<td>\n\t\t\t\t\t\t\t<label for=\"flerspr\u00e5k\"\n\t\t\t\t\t\t\t\t   >n\u00e5gon som kan hj\u00e4lpa oss med termer p\u00e5 flera spr\u00e5k (\u00f6vers\u00e4ttning\/tolkning)<\/label>\n\t\t\t\t\t\t<\/td>\n\t\t\t\t\t<\/tr>\n\t\t\t\t\t\t\t\t\t\t<\/tbody>\n\t\t\t\t<\/table>\n\t\t\t\t<p>\n\t\t\t\t    <button type=\"submit\" class=\"btn btn-default\" tabindex=\"-1\">\n\t\t\t\t        S\u00f6k\t\t\t\t    <\/button>\n                                <\/p>\n\t\t\t<\/form>\n\t\t\t<p>\n\t\t\t    <br\/>Bakgrund till konsults\u00f6kningen: Vi i Terminologifr\u00e4mjandet har gjort en lista p\u00e5 terminologyrkets olika omr\u00e5den och arbetsuppgifter. De konsulter som anm\u00e4ler sig f\u00e5r uppge vilka av dessa de har kompetens inom. Vi har sedan f\u00f6rs\u00f6kt identifiera de olika behov av terminologitj\u00e4nster som en konsults\u00f6kare kan t\u00e4nkas ha. D\u00e4refter har vi f\u00f6r varje s\u00e5dant behov fastst\u00e4llt vilka kompetenser som \u00e4r n\u00f6dv\u00e4ndiga (avg\u00f6r om konsulten kommer med) och vilka som \u00e4r \u00f6nskv\u00e4rda (ger extrapo\u00e4ng i tr\u00e4fflistan).\t\t\t<\/p>\n\t\t<\/div>\n\t<\/div>\n<\/div>\n","protected":false},"excerpt":{"rendered":"","protected":false},"author":1,"featured_media":0,"parent":0,"menu_order":0,"comment_status":"closed","ping_status":"closed","template":"","meta":{"footnotes":""},"_links":{"self":[{"href":"https:\/\/terminologiframjandet.se\/h552a9FtZ\/wp-json\/wp\/v2\/pages\/7558"}],"collection":[{"href":"https:\/\/terminologiframjandet.se\/h552a9FtZ\/wp-json\/wp\/v2\/pages"}],"about":[{"href":"https:\/\/terminologiframjandet.se\/h552a9FtZ\/wp-json\/wp\/v2\/types\/page"}],"author":[{"embeddable":true,"href":"https:\/\/terminologiframjandet.se\/h552a9FtZ\/wp-json\/wp\/v2\/users\/1"}],"replies":[{"embeddable":true,"href":"https:\/\/terminologiframjandet.se\/h552a9FtZ\/wp-json\/wp\/v2\/comments?post=7558"}],"version-history":[{"count":13,"href":"https:\/\/terminologiframjandet.se\/h552a9FtZ\/wp-json\/wp\/v2\/pages\/7558\/revisions"}],"predecessor-version":[{"id":8133,"href":"https:\/\/terminologiframjandet.se\/h552a9FtZ\/wp-json\/wp\/v2\/pages\/7558\/revisions\/8133"}],"wp:attachment":[{"href":"https:\/\/terminologiframjandet.se\/h552a9FtZ\/wp-json\/wp\/v2\/media?parent=7558"}],"curies":[{"name":"wp","href":"https:\/\/api.w.org\/{rel}","templated":true}]}}