{"id":8120,"date":"2023-11-19T22:36:49","date_gmt":"2023-11-19T21:36:49","guid":{"rendered":"https:\/\/terminologiframjandet.se\/h552a9FtZ\/?page_id=8120"},"modified":"2023-11-20T22:51:01","modified_gmt":"2023-11-20T21:51:01","slug":"personuppgiftspolicy","status":"publish","type":"page","link":"https:\/\/terminologiframjandet.se\/h552a9FtZ\/personuppgiftspolicy\/","title":{"rendered":"Personuppgiftspolicy"},"content":{"rendered":"<div class=\"has-text-align-right wp-block-post-date__modified-date wp-block-post-date\"><time datetime=\"2023-11-20T22:51:01+01:00\">2023-11-20<\/time><\/div>\n\n\n<h2 class=\"wp-block-heading\">Allm\u00e4nt<\/h2>\n\n\n\n<p>Terminologifr\u00e4mjandet (org.nr 802521-2674, ideell medlemsf\u00f6rening) v\u00e4rnar om din<a id=\"_ftnref1\" href=\"#_ftn1\">[1]<\/a> personliga integritet och f\u00f6reningen sparar endast uppgifter som vi har ett direkt syfte med och har laglig grund att spara. Denna person\u00aduppgiftspolicy beskriver hur vi s\u00e4kerst\u00e4ller att dina personuppgifter behandlas i enlighet med Dataskyddsf\u00f6rordningen (GDPR).<\/p>\n\n\n\n<h2 class=\"wp-block-heading\">Vad \u00e4r en personuppgift och vad \u00e4r behandling av personuppgifter?<\/h2>\n\n\n\n<p>Personuppgifter \u00e4r all slags information som direkt eller indirekt kan h\u00e4nf\u00f6ras till en fysisk person som \u00e4r i livet s\u00e5som namn, adress, e-postadress och telefonnummer. Bilder och ljudupptagningar som behandlas i en dator kan vara personuppgifter \u00e4ven om inga namn n\u00e4mns.<\/p>\n\n\n\n<p>Behandling av personuppgifter \u00e4r allt som kan g\u00f6ras med personuppgifterna. Varje \u00e5tg\u00e4rd som vidtas med personuppgifter utg\u00f6r en behandling, oberoende av om den utf\u00f6rs automatiserat eller ej. Exem\u00adpel p\u00e5 vanliga behandlingar \u00e4r insamling, registrering, organisering, strukturering, lagring, bearbetning, \u00f6verf\u00f6ring och radering.<\/p>\n\n\n\n<h2 class=\"wp-block-heading\">R\u00e4ttsliga grunder f\u00f6r behandling<\/h2>\n\n\n\n<p><em>Avtal om medlemskap<\/em><\/p>\n\n\n\n<p>I och med att du betalar in medlemsavgiften till Terminologifr\u00e4mjandet finns ett <em>avtal om medlemskap<\/em> mellan dig och f\u00f6reningen. Detta avtal utg\u00f6r den r\u00e4ttsliga grunden f\u00f6r Terminologifr\u00e4mjandet att behandla person\u00adupp\u00adgifter i syfte att administrera f\u00f6reningens verksamhet, d\u00e4ribland medlemsservice\u00e4renden och s\u00f6ktj\u00e4nsten Terminologifr\u00e4mjandets konsultlista.<\/p>\n\n\n\n<p><em>Ber\u00e4ttigat intresse<\/em><\/p>\n\n\n\n<p>Behandling av dina personuppgifter kr\u00e4vs f\u00f6r att administrera medlemsavgiften och m\u00f6jligg\u00f6ra informationsutskick. Behandling av ut\u00f6kade personuppgifter kr\u00e4vs f\u00f6r s\u00f6ktj\u00e4nsten Terminologifr\u00e4mjandets konsultlista. F\u00f6r dessa behandlingar st\u00f6djer vi oss p\u00e5 den r\u00e4ttsliga grunden <em>ber\u00e4ttigat intresse<\/em>. Vi har gjort bed\u00f6m\u00adningen att detta ber\u00e4ttigade intresse i dessa fall v\u00e4ger tyngre \u00e4n skyddet av din personliga integritet, eftersom vi annars inte kan hantera finansiering av verksamheten och inte uppfylla f\u00f6reningens syfte. N\u00e4r du blir medlem f\u00e5r du ocks\u00e5 information om hur vi behandlar dina personuppgifter.<\/p>\n\n\n\n<h2 class=\"wp-block-heading\">Personuppgiftsansvarig<\/h2>\n\n\n\n<p>Personuppgiftsansvarig kallas den\/de som beslutar varf\u00f6r och hur personuppgifter ska behandlas. Terminologifr\u00e4mjandet \u00e4r personuppgiftsansvarig f\u00f6r behandling av dina personuppgifter och ansvarar f\u00f6r att behandlingen sker i enlighet med till\u00e4mplig lagstiftning. Terminologifr\u00e4mjandets styrelse hanterar dessa fr\u00e5gor.<\/p>\n\n\n\n<h2 class=\"wp-block-heading\">Kontaktuppgifter<\/h2>\n\n\n\n<p>Kontakta f\u00f6reningens styrelse via e-post till \u201dstyrelsen(a)terminologiframjandet.se\u201d om du har fr\u00e5gor om denna personuppgiftspolicy.<\/p>\n\n\n\n<h2 class=\"wp-block-heading\">Hur samlar vi in information om dig?<\/h2>\n\n\n\n<p>Vi samlar in information om dig:<\/p>\n\n\n\n<ul>\n<li>som du l\u00e4mnar n\u00e4r du ans\u00f6ker om medlemskap i Terminologifr\u00e4mjandet,<\/li>\n\n\n\n<li>som du l\u00e4mnar om du registrerar dig f\u00f6r publicering i konsultlistan eller<\/li>\n\n\n\n<li>som du sj\u00e4lv kompletterar eller \u00e4ndrar som inloggad p\u00e5 webbplatsen.<\/li>\n<\/ul>\n\n\n\n<p>Vi h\u00e4mtar inga uppgifter om dig fr\u00e5n tredje part.<\/p>\n\n\n\n<h2 class=\"wp-block-heading\">Vilken information samlar vi in och i vilket syfte?<\/h2>\n\n\n\n<p>Terminologifr\u00e4mjandet samlar in f\u00f6ljande information f\u00f6r att administrera ditt medlemskap:<\/p>\n\n\n\n<ul>\n<li>Person- och kontaktinformation: Namn, e-postadress, medlemskapsdetaljer.<\/li>\n\n\n\n<li>Anv\u00e4ndarnamn och l\u00f6senord till Terminologifr\u00e4mjandets interna medlemswebbplats.<\/li>\n\n\n\n<li>Uppgifter du gett i samband med medlemsans\u00f6kan respektive registrering f\u00f6r publicering i konsultlistan.<\/li>\n\n\n\n<li>Din kommunikation med oss.<\/li>\n\n\n\n<li>Som aktiv inom Terminologifr\u00e4mjandet kan medlemsuppgifter, som t.ex. namn eller funktion, f\u00f6rekomma i exempelvis m\u00f6tesprotokoll eller p\u00e5 f\u00f6reningens webbplats.<\/li>\n<\/ul>\n\n\n\n<p>De behandlingar som utf\u00f6rs \u00e4r fr\u00e4mst:<\/p>\n\n\n\n<ul>\n<li>Registrering och identifiering f\u00f6r att hantera inloggning.<\/li>\n\n\n\n<li>Insamling av e-postadresser f\u00f6r att skicka ut information inom f\u00f6reningen.<\/li>\n\n\n\n<li>Insamling av kompetensprofil f\u00f6r att anv\u00e4ndas i s\u00f6ktj\u00e4nsten f\u00f6r konsultlistan.<\/li>\n<\/ul>\n\n\n\n<h2 class=\"wp-block-heading\">Hur l\u00e4nge sparar vi din information?<\/h2>\n\n\n\n<p>Terminologifr\u00e4mjandet sparar personuppgifter endast s\u00e5 l\u00e4nge som det \u00e4r n\u00f6dv\u00e4ndigt f\u00f6r att fullg\u00f6ra v\u00e5rt ansvar mot dig och de \u00e4ndam\u00e5l som uppgifterna samlas in f\u00f6r i enlighet med denna personuppgiftspolicy. Vi sparar ocks\u00e5 dina uppgifter om lagkrav finns, t.ex. i bokf\u00f6ringslagen.<\/p>\n\n\n\n<h2 class=\"wp-block-heading\">Teknikdetaljer<\/h2>\n\n\n\n<p>Fler detaljer om tekniken som relaterar till hantering av personuppgifter, se sidan <a href=\"https:\/\/terminologiframjandet.se\/h552a9FtZ\/personuppgiftsrelaterade-teknikdetaljer\/\" data-type=\"page\" data-id=\"8122\">Personuppgiftsrelaterade teknikdetaljer<\/a>.<\/p>\n\n\n\n<h2 class=\"wp-block-heading\">Dina r\u00e4ttigheter<\/h2>\n\n\n\n<p><em>R\u00e4tt till tillg\u00e5ng<\/em><\/p>\n\n\n\n<p>Du har r\u00e4tt att veta vilka uppgifter vi har registrerade om dig.<\/p>\n\n\n\n<p><em>R\u00e4tt till r\u00e4ttelse<\/em><\/p>\n\n\n\n<p>Du kan beg\u00e4ra att dina personuppgifter r\u00e4ttas om uppgifterna \u00e4r felaktiga. I det fall de \u00e4r ofullst\u00e4ndiga kan du beg\u00e4ra att uppgifterna kompletteras.<\/p>\n\n\n\n<p><em>R\u00e4tt till radering och begr\u00e4nsning<\/em><\/p>\n\n\n\n<p>Du har r\u00e4tt att beg\u00e4ra att dina personuppgifter raderas i f\u00f6ljande fall:<\/p>\n\n\n\n<ul>\n<li>Uppgifterna inte l\u00e4ngre \u00e4r n\u00f6dv\u00e4ndiga f\u00f6r de \u00e4ndam\u00e5l f\u00f6r vilka de har samlats in eller behandlats<\/li>\n\n\n\n<li>Du inv\u00e4nder mot en intresseavv\u00e4gning vi har gjort baserat p\u00e5 ber\u00e4ttigat intresse och ditt sk\u00e4l f\u00f6r inv\u00e4ndning v\u00e4ger tyngre \u00e4n v\u00e5rt ber\u00e4ttigade intresse<\/li>\n\n\n\n<li>Du inv\u00e4nder mot att dina personuppgifter anv\u00e4nds f\u00f6r direktmarknadsf\u00f6rings\u00e4ndam\u00e5l<\/li>\n\n\n\n<li>Personuppgifterna behandlas p\u00e5 ett olagligt s\u00e4tt<\/li>\n<\/ul>\n\n\n\n<p>Om det finns lagliga grunder f\u00f6r varf\u00f6r personuppgifterna m\u00e5ste sparas, t.ex. f\u00f6r bokf\u00f6rings\u00e4ndam\u00e5l eller medlemsrapportering till myndigheter, kan f\u00f6reningen neka din beg\u00e4ran.<\/p>\n\n\n\n<p>Du har ocks\u00e5 r\u00e4tt att beg\u00e4ra att v\u00e5r behandling av dina personuppgifter begr\u00e4nsas, t.ex. om du har inv\u00e4nt mot en intresseavv\u00e4gning av ber\u00e4ttigat intresse som vi har gjort.<\/p>\n\n\n\n<p>Du har r\u00e4tt att l\u00e4mna klagom\u00e5l till Integritetsskyddsmyndigheten om du anser att Terminologi\u00adfr\u00e4mjandet behandlar dina personuppgifter i strid med g\u00e4llande dataskyddslagstiftning. L\u00e4s mer p\u00e5 <a href=\"https:\/\/www.imy.se\/\">www.imy.se<\/a>.<\/p>\n\n\n\n<h2 class=\"wp-block-heading\">Vilka beh\u00f6ver vi dela dina personuppgifter med?<\/h2>\n\n\n\n<p>I vissa fall kan vi komma att dela dina personuppgifter med utvalda tredje parter som \u00e4r organisa\u00adtioner\/f\u00f6retag utanf\u00f6r Terminologifr\u00e4mjandet, till exempel f\u00f6r e-postutskickstj\u00e4nster. Om det sker ser vi till att \u00f6verf\u00f6ringen och behandlingen sker p\u00e5 ett s\u00e4kert s\u00e4tt som bevarar din integritet.<\/p>\n\n\n\n<h2 class=\"wp-block-heading\">Hur skyddar vi din information?<\/h2>\n\n\n\n<p>Terminologifr\u00e4mjandet har vidtagit de s\u00e4kerhets\u00e5tg\u00e4rder som beh\u00f6vs f\u00f6r att skydda dina personuppgifter mot otillb\u00f6rlig \u00e5tkomst, f\u00f6r\u00e4ndring och radering bl.a. genom att medlemsregistret \u00e5terfinns p\u00e5 en inloggningsskyddad intern webbplats. Den e-posttj\u00e4nst som Terminologifr\u00e4mjandet anv\u00e4nder f\u00f6r e-postutskick \u00e4r ocks\u00e5 skyddad och uppdateras parallellt med webbplatsen.<\/p>\n\n\n\n<h2 class=\"wp-block-heading\">F\u00f6r\u00e4ndringar av denna personuppgiftspolicy<\/h2>\n\n\n\n<p>Det kan komma att g\u00f6ras \u00e4ndringar i denna personuppgiftspolicy. Uppdaterad policy finns alltid p\u00e5 Terminologifr\u00e4mjandets webbplats (<a href=\"https:\/\/terminologiframjandet.se\/\">www.terminologiframjandet.se<\/a>), via en l\u00e4nk i sidfoten.<\/p>\n\n\n\n<hr class=\"wp-block-separator has-alpha-channel-opacity\"\/>\n\n\n\n<p><a href=\"#_ftnref1\" id=\"_ftn1\">[1]<\/a> Orden <em>du<\/em>, <em>din<\/em>, <em>ditt<\/em> och <em>dina<\/em> i denna text syftar p\u00e5 varje person som \u00e4r medlem eller har ans\u00f6kt om medlemskap i Terminologifr\u00e4mjandet samt personer som n\u00e4mnts som referenser i ans\u00f6kningar till publicering i konsultlistan.<\/p>\n","protected":false},"excerpt":{"rendered":"<p>Allm\u00e4nt Terminologifr\u00e4mjandet (org.nr 802521-2674, ideell medlemsf\u00f6rening) v\u00e4rnar om din[1] personliga integritet och f\u00f6reningen sparar endast uppgifter som vi har ett direkt syfte med och har laglig grund att spara. Denna&hellip;<\/p>\n","protected":false},"author":1,"featured_media":0,"parent":0,"menu_order":0,"comment_status":"closed","ping_status":"closed","template":"","meta":{"footnotes":""},"_links":{"self":[{"href":"https:\/\/terminologiframjandet.se\/h552a9FtZ\/wp-json\/wp\/v2\/pages\/8120"}],"collection":[{"href":"https:\/\/terminologiframjandet.se\/h552a9FtZ\/wp-json\/wp\/v2\/pages"}],"about":[{"href":"https:\/\/terminologiframjandet.se\/h552a9FtZ\/wp-json\/wp\/v2\/types\/page"}],"author":[{"embeddable":true,"href":"https:\/\/terminologiframjandet.se\/h552a9FtZ\/wp-json\/wp\/v2\/users\/1"}],"replies":[{"embeddable":true,"href":"https:\/\/terminologiframjandet.se\/h552a9FtZ\/wp-json\/wp\/v2\/comments?post=8120"}],"version-history":[{"count":4,"href":"https:\/\/terminologiframjandet.se\/h552a9FtZ\/wp-json\/wp\/v2\/pages\/8120\/revisions"}],"predecessor-version":[{"id":8132,"href":"https:\/\/terminologiframjandet.se\/h552a9FtZ\/wp-json\/wp\/v2\/pages\/8120\/revisions\/8132"}],"wp:attachment":[{"href":"https:\/\/terminologiframjandet.se\/h552a9FtZ\/wp-json\/wp\/v2\/media?parent=8120"}],"curies":[{"name":"wp","href":"https:\/\/api.w.org\/{rel}","templated":true}]}}